{"id":882,"date":"2014-08-26T15:40:52","date_gmt":"2014-08-26T13:40:52","guid":{"rendered":"https:\/\/www.alexandertechnique.be\/CM\/?page_id=882"},"modified":"2018-12-27T15:03:15","modified_gmt":"2018-12-27T14:03:15","slug":"application-entre-les-lecons","status":"publish","type":"page","link":"https:\/\/www.alexandertechnique.be\/fr\/la-technique-alexander\/en-pratique\/application-entre-les-lecons\/","title":{"rendered":"La Technique Alexander &#8211; Application entre les le\u00e7ons"},"content":{"rendered":"[vc_row type=\u00a0\u00bbin_container\u00a0\u00bb full_screen_row_position=\u00a0\u00bbmiddle\u00a0\u00bb scene_position=\u00a0\u00bbcenter\u00a0\u00bb text_color=\u00a0\u00bbdark\u00a0\u00bb text_align=\u00a0\u00bbleft\u00a0\u00bb overlay_strength=\u00a0\u00bb0.3&Prime; shape_divider_position=\u00a0\u00bbbottom\u00a0\u00bb][vc_column column_padding=\u00a0\u00bbno-extra-padding\u00a0\u00bb column_padding_position=\u00a0\u00bball\u00a0\u00bb background_color_opacity=\u00a0\u00bb1&Prime; background_hover_color_opacity=\u00a0\u00bb1&Prime; column_shadow=\u00a0\u00bbnone\u00a0\u00bb column_border_radius=\u00a0\u00bbnone\u00a0\u00bb width=\u00a0\u00bb1\/1&Prime; tablet_text_alignment=\u00a0\u00bbdefault\u00a0\u00bb phone_text_alignment=\u00a0\u00bbdefault\u00a0\u00bb column_border_width=\u00a0\u00bbnone\u00a0\u00bb column_border_style=\u00a0\u00bbsolid\u00a0\u00bb][heading]\n<h2>Application entre les le\u00e7ons<\/h2>\n[\/heading][\/vc_column][\/vc_row][vc_row type=\u00a0\u00bbin_container\u00a0\u00bb full_screen_row_position=\u00a0\u00bbmiddle\u00a0\u00bb scene_position=\u00a0\u00bbcenter\u00a0\u00bb text_color=\u00a0\u00bbdark\u00a0\u00bb text_align=\u00a0\u00bbleft\u00a0\u00bb overlay_strength=\u00a0\u00bb0.3&Prime; shape_divider_position=\u00a0\u00bbbottom\u00a0\u00bb][vc_column column_padding=\u00a0\u00bbno-extra-padding\u00a0\u00bb column_padding_position=\u00a0\u00bball\u00a0\u00bb background_color_opacity=\u00a0\u00bb1&Prime; background_hover_color_opacity=\u00a0\u00bb1&Prime; column_shadow=\u00a0\u00bbnone\u00a0\u00bb column_border_radius=\u00a0\u00bbnone\u00a0\u00bb width=\u00a0\u00bb1\/1&Prime; tablet_text_alignment=\u00a0\u00bbdefault\u00a0\u00bb phone_text_alignment=\u00a0\u00bbdefault\u00a0\u00bb column_border_width=\u00a0\u00bbnone\u00a0\u00bb column_border_style=\u00a0\u00bbsolid\u00a0\u00bb][vc_column_text]\n<p class=\"introduction\">Entre les le\u00e7ons, l&rsquo;\u00e9l\u00e8ve continue \u00e0 appliquer les proc\u00e9dures apprises. D&rsquo;abord dans des activit\u00e9s simples et ensuite dans des activit\u00e9s ou des situations plus complexes ou plus stressantes.<br \/>\nL&rsquo;\u00e9l\u00e8ve apprend \u00e0 reconna\u00eetre dans toute activit\u00e9 la mauvaise utilisation g\u00e9n\u00e9rale et habituelle d&rsquo;elle ou de lui-m\u00eame, dont un sympt\u00f4me particulier l&rsquo;a amen\u00e9 chez le professeur de Technique Alexander.<br \/>\nBien que certains \u00e9l\u00e8ves se contentent de profiter des bienfaits et des soulagements que leur procurent les le\u00e7ons et n&rsquo;y pensent pas beaucoup entre les le\u00e7ons, la tr\u00e8s grande majorit\u00e9 des \u00e9l\u00e8ves comprend tr\u00e8s vite que l&rsquo;application des proc\u00e9dures en dehors des le\u00e7ons est vitale pour celle ou celui qui veut d\u00e9velopper un contr\u00f4le conscient et ne plus d\u00e9pendre facilement de r\u00e9actions habituelles.<\/p>\n<p style=\"text-align: justify;\">Qu&rsquo;est-il attendu de l&rsquo;\u00e9l\u00e8ve?<\/p>\n<p style=\"text-align: justify;\">Simplement de reproduire dans la vie courante ce qu&rsquo;elle ou il a appris au cours des le\u00e7ons, de reproduire ce m\u00eame processus dynamique qui lui a permis au cours des le\u00e7ons de conna\u00eetre un \u00e9tat de meilleure coordination dans le mouvement. Elle ou Il va apprendre \u00e0 s&rsquo;approprier par l&rsquo;exp\u00e9rience r\u00e9elle les proc\u00e9dures d\u00e9velopp\u00e9es au cours des le\u00e7ons<\/p>\n<p style=\"text-align: justify;\">Dans des situations simples au d\u00e9but et seul(e) de pr\u00e9f\u00e9rence, o\u00f9 elle ou il peut contr\u00f4ler tous les parm\u00e8tr\u00e8s, elle ou il va apprendre \u00e0 se dire non et \u00e0 posposer une action. Par exemple, \u00e0 ne pas r\u00e9agir directement au d\u00e9sir de s&#8217;emparer du t\u00e9l\u00e9phone d\u00e8s qu&rsquo;il sonne, mais de se laisser le temps de retrouver un certain calme int\u00e9rieur et une meilleure coordination avant de r\u00e9pondre. De m\u00eame, avant de faire un mouvement, pour boire une tasse de th\u00e9 ou enfiler une veste, elle ou il marquera le temps d&rsquo;arr\u00eat n\u00e9cessaire \u00e0 une initiation correcte du mouvement.<\/p>\n<p style=\"text-align: justify;\">Au fur et mesure des le\u00e7ons, le processus s&rsquo;affinera et l&rsquo;\u00e9l\u00e8ve sera progressivement \u00e0 m\u00eame de reconna\u00eetre plus facilement et plus vite les signes avant-coureurs de la mise en place d&rsquo;une mauvaise habitude de mouvement ou autre car elle ou il aura appris \u00e0 cr\u00e9er un \u00e9tat pr\u00e9alable et constant d&rsquo;expansion du corps.<\/p>\n<p style=\"text-align: justify;\">Progressivement, elle ou il r\u00e9alisera que cet \u00e9tat pr\u00e9alable de coordinaiton g\u00e9n\u00e9rale consciente est un pr\u00e9requis indispensable pour rester conscient au moment o\u00f9 des tensions n\u00e9fastes se mettent en place, et que le corps s&rsquo;affaisse ou se raidit pour s&rsquo;adapter \u00e0 l&rsquo;inconfort. Cet \u00e9tat pr\u00e9alable d&rsquo;expansion du corps permet une vigilance et une correction consciente de la tendance \u00e0 mal s&rsquo;utiliser dans des situations stressantes, des positons inconfortables ou des t\u00e2ches tr\u00e8s exigeantes ou fatiguantes.<\/p>\n<p style=\"text-align: justify;\">L&rsquo;\u00e9l\u00e8ve d\u00e9couvrira d&rsquo;elle ou de lui-m\u00eame que sa mani\u00e8re de s&rsquo;utiliser et d&rsquo;\u00eatre au moment o\u00f9 elle ou il doit bouger ou r\u00e9agir vont d\u00e9terminer les sch\u00e9mas de tensions qui vont sous-tendre sa coordination au moment de l&rsquo;action. Elle ou Il va donc apprendre \u00e0 priviligier sa coordination sur son activit\u00e9 pour pouvoir emp\u00eacher des habitudes n\u00e9fastes de se mettre en place au moment o\u00f9 elle ou il va se pencher pour ex\u00e9cuter une t\u00e2che, ouvrir la bouche pour parler ou prendre son courage \u00e0 deux mains pour affronter une situation nouvelle.<\/p>\n<p style=\"text-align: justify;\">Au cours des le\u00e7ons, le professeur pourra constater les progr\u00e8s r\u00e9alis\u00e9s dans la stimulation du contr\u00f4le corporel primaire et d\u00e9celer les insuffisances, les malentendus; les incompr\u00e9hensions ou les \u00e9garements et rediriger l&rsquo;\u00e9l\u00e8ve vers une application plus consciente et plus constructive de l&rsquo;utilisation de l&rsquo;\u00e9l\u00e8ve qui repartira mieux \u00e9quip\u00e9.<\/p>\n[\/vc_column_text][\/vc_column][\/vc_row]\n","protected":false},"excerpt":{"rendered":"<p>[vc_row type=\u00a0\u00bbin_container\u00a0\u00bb full_screen_row_position=\u00a0\u00bbmiddle\u00a0\u00bb scene_position=\u00a0\u00bbcenter\u00a0\u00bb text_color=\u00a0\u00bbdark\u00a0\u00bb text_align=\u00a0\u00bbleft\u00a0\u00bb overlay_strength=\u00a0\u00bb0.3&Prime; shape_divider_position=\u00a0\u00bbbottom\u00a0\u00bb][vc_column column_padding=\u00a0\u00bbno-extra-padding\u00a0\u00bb column_padding_position=\u00a0\u00bball\u00a0\u00bb background_color_opacity=\u00a0\u00bb1&Prime; background_hover_color_opacity=\u00a0\u00bb1&Prime; column_shadow=\u00a0\u00bbnone\u00a0\u00bb column_border_radius=\u00a0\u00bbnone\u00a0\u00bb width=\u00a0\u00bb1\/1&Prime; tablet_text_alignment=\u00a0\u00bbdefault\u00a0\u00bb phone_text_alignment=\u00a0\u00bbdefault\u00a0\u00bb column_border_width=\u00a0\u00bbnone\u00a0\u00bb column_border_style=\u00a0\u00bbsolid\u00a0\u00bb][heading] Application entre les le\u00e7ons [\/heading][\/vc_column][\/vc_row][vc_row type=\u00a0\u00bbin_container\u00a0\u00bb full_screen_row_position=\u00a0\u00bbmiddle\u00a0\u00bb scene_position=\u00a0\u00bbcenter\u00a0\u00bb text_color=\u00a0\u00bbdark\u00a0\u00bb text_align=\u00a0\u00bbleft\u00a0\u00bb overlay_strength=\u00a0\u00bb0.3&Prime;&#8230;<\/p>\n","protected":false},"author":1,"featured_media":0,"parent":366,"menu_order":2,"comment_status":"closed","ping_status":"open","template":"page-sidebar.php","meta":{"footnotes":""},"class_list":["post-882","page","type-page","status-publish"],"_links":{"self":[{"href":"https:\/\/www.alexandertechnique.be\/fr\/wp-json\/wp\/v2\/pages\/882","targetHints":{"allow":["GET"]}}],"collection":[{"href":"https:\/\/www.alexandertechnique.be\/fr\/wp-json\/wp\/v2\/pages"}],"about":[{"href":"https:\/\/www.alexandertechnique.be\/fr\/wp-json\/wp\/v2\/types\/page"}],"author":[{"embeddable":true,"href":"https:\/\/www.alexandertechnique.be\/fr\/wp-json\/wp\/v2\/users\/1"}],"replies":[{"embeddable":true,"href":"https:\/\/www.alexandertechnique.be\/fr\/wp-json\/wp\/v2\/comments?post=882"}],"version-history":[{"count":9,"href":"https:\/\/www.alexandertechnique.be\/fr\/wp-json\/wp\/v2\/pages\/882\/revisions"}],"predecessor-version":[{"id":38012,"href":"https:\/\/www.alexandertechnique.be\/fr\/wp-json\/wp\/v2\/pages\/882\/revisions\/38012"}],"up":[{"embeddable":true,"href":"https:\/\/www.alexandertechnique.be\/fr\/wp-json\/wp\/v2\/pages\/366"}],"wp:attachment":[{"href":"https:\/\/www.alexandertechnique.be\/fr\/wp-json\/wp\/v2\/media?parent=882"}],"curies":[{"name":"wp","href":"https:\/\/api.w.org\/{rel}","templated":true}]}}