{"id":880,"date":"2014-08-26T15:38:50","date_gmt":"2014-08-26T13:38:50","guid":{"rendered":"https:\/\/www.alexandertechnique.be\/CM\/?page_id=880"},"modified":"2024-07-30T17:33:04","modified_gmt":"2024-07-30T15:33:04","slug":"duree-et-frequence-des-lecons","status":"publish","type":"page","link":"https:\/\/www.alexandertechnique.be\/fr\/la-technique-alexander\/en-pratique\/duree-et-frequence-des-lecons\/","title":{"rendered":"La Technique Alexander &#8211; Dur\u00e9e et fr\u00e9quence des le\u00e7ons"},"content":{"rendered":"[vc_row type=\u00a0\u00bbin_container\u00a0\u00bb full_screen_row_position=\u00a0\u00bbmiddle\u00a0\u00bb scene_position=\u00a0\u00bbcenter\u00a0\u00bb text_color=\u00a0\u00bbdark\u00a0\u00bb text_align=\u00a0\u00bbleft\u00a0\u00bb overlay_strength=\u00a0\u00bb0.3&Prime; shape_divider_position=\u00a0\u00bbbottom\u00a0\u00bb][vc_column column_padding=\u00a0\u00bbno-extra-padding\u00a0\u00bb column_padding_position=\u00a0\u00bball\u00a0\u00bb background_color_opacity=\u00a0\u00bb1&Prime; background_hover_color_opacity=\u00a0\u00bb1&Prime; column_shadow=\u00a0\u00bbnone\u00a0\u00bb column_border_radius=\u00a0\u00bbnone\u00a0\u00bb width=\u00a0\u00bb1\/1&Prime; tablet_text_alignment=\u00a0\u00bbdefault\u00a0\u00bb phone_text_alignment=\u00a0\u00bbdefault\u00a0\u00bb column_border_width=\u00a0\u00bbnone\u00a0\u00bb column_border_style=\u00a0\u00bbsolid\u00a0\u00bb][heading]\n<h2>Dur\u00e9e et fr\u00e9quence des le\u00e7ons<\/h2>\n[\/heading][\/vc_column][\/vc_row][vc_row type=\u00a0\u00bbin_container\u00a0\u00bb full_screen_row_position=\u00a0\u00bbmiddle\u00a0\u00bb scene_position=\u00a0\u00bbcenter\u00a0\u00bb text_color=\u00a0\u00bbdark\u00a0\u00bb text_align=\u00a0\u00bbleft\u00a0\u00bb overlay_strength=\u00a0\u00bb0.3&Prime; shape_divider_position=\u00a0\u00bbbottom\u00a0\u00bb][vc_column column_padding=\u00a0\u00bbno-extra-padding\u00a0\u00bb column_padding_position=\u00a0\u00bball\u00a0\u00bb background_color_opacity=\u00a0\u00bb1&Prime; background_hover_color_opacity=\u00a0\u00bb1&Prime; column_shadow=\u00a0\u00bbnone\u00a0\u00bb column_border_radius=\u00a0\u00bbnone\u00a0\u00bb width=\u00a0\u00bb1\/1&Prime; tablet_text_alignment=\u00a0\u00bbdefault\u00a0\u00bb phone_text_alignment=\u00a0\u00bbdefault\u00a0\u00bb column_border_width=\u00a0\u00bbnone\u00a0\u00bb column_border_style=\u00a0\u00bbsolid\u00a0\u00bb][vc_column_text]\n<p class=\"introduction\">Une le\u00e7on avec Athanase dure environ 45 minutes.<\/p>\n<p class=\"introduction\">Pour faciliter et renforcer l&rsquo;apprentissage, les le\u00e7ons seront, dans la mesure du possible, tr\u00e8s rapproch\u00e9es au d\u00e9but (selon les besoins, 1, 2 ou 3 fois par semaine les deux premiers mois) et s&rsquo;espaceront ensuite selon les attentes, les exigences et les possibilit\u00e9s de chacun.<br \/>\nUne trentaine de le\u00e7ons r\u00e9parties sur plusieurs mois est une moyenne fr\u00e9quente et souvent n\u00e9cessaire. Pour certains, dix le\u00e7ons suffiront \u00e0 satisfaire leurs attentes, alors que d&rsquo;autres s&rsquo;engageront dans un travail qui peut prendre des ann\u00e9es d&rsquo;affinement de l&rsquo;usage de soi.<\/p>\n<p style=\"text-align: justify;\">Apr\u00e8s une premi\u00e8re le\u00e7on d&rsquo;\u00e9valuation et de prise de contact, il est attendu de l&rsquo;\u00e9l\u00e8ve qui d\u00e9sire apprendre \u00e0 appliquer la Technique Alexander qu&rsquo;il s&rsquo;engage pour dix le\u00e7ons. Une ou deux le\u00e7ons ne peuvent suffire \u00e0 la grande majorit\u00e9 des peronnes pour se familiariser avec une mani\u00e8re diff\u00e9rente de s&rsquo;utiliser. L&rsquo;exp\u00e9rience d&rsquo;une dizaine de s\u00e9ances permet \u00e0 l&rsquo;\u00e9l\u00e8ve de faire plus concr\u00e8tement le rapport entre les proc\u00e9dures pratiques de la Technique Alexander et une mani\u00e8re diff\u00e9rente de s&rsquo;utiliser.<\/p>\n<p style=\"text-align: justify;\">Le simple fait de se sentir mieux apr\u00e8s une s\u00e9ance ne suffit pas \u00e0 apporter des changements durables. Les changements durables sont le fruit d&rsquo;une attention consciente qui seule permet d&rsquo;assimiler une nouvelle coordination neuro-musculaire. Certaines personnes sont heureuses de laisser faire le temps et de laisser le travail se faire en elles entre les s\u00e9ances. Cette attitude positive et ouverte, mais passive peut convenir \u00e0 certaines personnes et apporte \u00e9galement des r\u00e9sultats.<\/p>\n<p style=\"text-align: justify;\">L&rsquo;assiduit\u00e9 dans l&rsquo;application des proc\u00e9dures dans la vie courante p\u00e8se cependant beaucoup dans la balance. Et il est clair qu&rsquo;une personne qui s&rsquo;applique correctement \u00e0 se corriger aura des r\u00e9sultats meilleurs ou plus rapides quant \u00e0 l&rsquo;usage d&rsquo;elle-m\u00eame que celle qui ne s&rsquo;applique pas ou s&rsquo;applique mal.<\/p>\n<p style=\"text-align: justify;\">Chaque personne est diff\u00e9rente et cette page n&rsquo;est pas l&rsquo;endroit pour expliquer comment un(e) \u00e9l\u00e8ve peut \u00eatre amen\u00e9(e) \u00e0 penser correctement \u00e0 ce qu&rsquo;elle ou il fait ou \u00e0 ce qu&rsquo;elle ou il ne doit pas faire pour mieux bouger ou ne plus avoir mal. Cela peut prendre peu ou beaucoup de temps, selon la personne.<\/p>\n<p style=\"text-align: justify;\">Cette s\u00e9rie de dix le\u00e7ons peut parfois suffire \u00e0 certaines personnes relativement bien coordonn\u00e9es qui ont d\u00e9velopp\u00e9 \u00e0 leur insu certaines habitudes n\u00e9fastes. Pour la plupart, au contraire, ces le\u00e7ons vont leur permettre de mieux r\u00e9aliser pourquoi elle s&rsquo;utilisent mal et leur faire prendre conscience de la n\u00e9cessit\u00e9 de cultiver une approche plus syst\u00e9matique quant \u00e0 l&rsquo;usage d&rsquo;elles-m\u00eames.<\/p>\n<p style=\"text-align: justify;\">Parfois les personnes qui recherchent une m\u00e9thode pour aller mieux ou \u00eatre plus efficaces reculent devant l&rsquo;investissement de temps et d&rsquo;argent que repr\u00e9sente la Technique Alexander.<\/p>\n<p style=\"text-align: justify;\">Alexander lui-m\u00eame exigeait souvent de ses \u00e9l\u00e8ves de s&rsquo;engager pour 30 le\u00e7ons d\u00e9s le d\u00e9part, r\u00e9parties sur 6 semaines \u00e0 raison d&rsquo;un le\u00e7on d&rsquo;une dur\u00e9e d&rsquo;une demie heure par jour ouvrable. Cela afin de mettre toutes les chances de son c\u00f4t\u00e9 et de pouvoir suivre l&rsquo;\u00e9volution de son \u00e9l\u00e8ve jour apr\u00e8s jour dans des conditions d&rsquo;apprentissage id\u00e9ales et pour obtenir avec certitude des effets durables.<\/p>\n<p style=\"text-align: justify;\">Les temps ont chang\u00e9 et il n&rsquo;est plus n\u00e9cessaire d&rsquo;\u00eatre aussi strict que ne l&rsquo;\u00e9tait Alexander \u00e0 son \u00e9poque et cela pour plusieurs raisons<\/p>\n<p style=\"text-align: justify;\">Tout d&rsquo;abord, aujourd&rsquo;hui les \u00e9l\u00e8ves sont naturellement beaucoup plus familiers avec les principes th\u00e9oriques de la Technique Alexander que ne l&rsquo;\u00e9tait la population d&rsquo;avant-guerre. Parler de nos jours d&rsquo;unit\u00e9 de l&rsquo;\u00eatre et d&rsquo;interaction inextricable entre les divers aspects de soi (\u00e9motions-muscles-pens\u00e9es-etc.) ne surprend plus personne et les \u00e9l\u00e8ves sont donc en g\u00e9n\u00e9ral beaucoup plus ouvert(e)s pour pouvoir d\u00e9couvri comment cela se traduit en pratique, dans le mouvement et les r\u00e9actions de la vie.<\/p>\n<p style=\"text-align: justify;\">Il existe aujourd&rsquo;hui \u00e9norm\u00e9ment de techniques sur le march\u00e9 qui proposent une approche de prise en charge ou de r\u00e9\u00e9ducation de soi sous une forme ou une autre. Les \u00e9l\u00e8ves qui frappent \u00e0 la porte d&rsquo;un professeur de Technique Alexander ont souvent d\u00e9j\u00e0 un parcours derri\u00e8re elles ou eux pour soulager leurs douleurs ou lutter contre leur stress et arrivent donc pr\u00eat(e)s \u00e0 d\u00e9couvrir ce qui peut d\u00e9pendre d&rsquo;elles ou d&rsquo;eux-m\u00eames pour l&rsquo;am\u00e9lioration de leur \u00e9tat et sont pr\u00eat(e)s \u00e0 essayer une m\u00e9thode exp\u00e9rimentale qui requiert une certaine attention et une certaine constance.<\/p>\n<p style=\"text-align: justify;\">Le mode de vie actuel de beaucoup de personnes rend difficile une visite journali\u00e8re pour une le\u00e7on de Technique Alexander pendant quelques semaines, ind\u00e9pendamment de l&rsquo;aspect financier, qui est non n\u00e9gligeable, il est vrai. Celui, par contre, qui commence des le\u00e7ons Alexander r\u00e9alise tr\u00e8s vite que ces le\u00e7ons sont un investissement pour sa sant\u00e9 future, au-del\u00e0 des corrections ou des douleurs qu&rsquo;il arrivera \u00e0 surmonter aujourd&rsquo;hui. Pour prendre un exemple classique, un musicien en d\u00e9but de carri\u00e8re qui apprend \u00e0 bien s&rsquo;utiliser et \u00e0 bien respirer et \u00e0 mieux g\u00e9rer son stress s&rsquo;\u00e9vitera \u00e0 coup s\u00fbr beaucoup des souffrances inutiles dans le futur. D\u00e8s que l&rsquo;\u00e9l\u00e8ve r\u00e9alise les possibilit\u00e9s qu&rsquo;offre la Technique Alexander, la question de l&rsquo;investissement financier et de temps ne se pose plus.<\/p>\n<p style=\"text-align: justify;\">Quarante-cinc minutes de le\u00e7ons donnent le temps de bien d\u00e9velopper ce qui se pr\u00e9sente ce jour-l\u00e0, le temps de laisser l&rsquo;\u00e9l\u00e8ve poser ses questions et le temps d&rsquo;assimiler ce qui s&rsquo;est pass\u00e9 pour repartir mieux arm\u00e9(e).<\/p>\n<p style=\"text-align: justify;\">Une trentaine de le\u00e7ons r\u00e9parties sur plusieurs mois constituent la base pour l&rsquo;acquisition d&rsquo;une pratique suffisante pour s&rsquo;utiliser sans se faire du tort et pouvoir d\u00e9celer les dangers d&rsquo;une mauvaise utilisation de soi dans ses diverses activit\u00e9s et r\u00e9actions.<\/p>\n<p style=\"text-align: justify;\">Au-del\u00e0, il s&rsquo;agit d&rsquo;un travail d&rsquo;affinement qui peut soit se continuer d&rsquo;une mani\u00e8re r\u00e9guli\u00e8re, soit sporadiquement selon les besoins de l&rsquo;\u00e9l\u00e8ve, sous forme de rappels occasionnels.<\/p>\n[\/vc_column_text][\/vc_column][\/vc_row]\n","protected":false},"excerpt":{"rendered":"<p>[vc_row type=\u00a0\u00bbin_container\u00a0\u00bb full_screen_row_position=\u00a0\u00bbmiddle\u00a0\u00bb scene_position=\u00a0\u00bbcenter\u00a0\u00bb text_color=\u00a0\u00bbdark\u00a0\u00bb text_align=\u00a0\u00bbleft\u00a0\u00bb overlay_strength=\u00a0\u00bb0.3&Prime; shape_divider_position=\u00a0\u00bbbottom\u00a0\u00bb][vc_column column_padding=\u00a0\u00bbno-extra-padding\u00a0\u00bb column_padding_position=\u00a0\u00bball\u00a0\u00bb background_color_opacity=\u00a0\u00bb1&Prime; background_hover_color_opacity=\u00a0\u00bb1&Prime; column_shadow=\u00a0\u00bbnone\u00a0\u00bb column_border_radius=\u00a0\u00bbnone\u00a0\u00bb width=\u00a0\u00bb1\/1&Prime; tablet_text_alignment=\u00a0\u00bbdefault\u00a0\u00bb phone_text_alignment=\u00a0\u00bbdefault\u00a0\u00bb column_border_width=\u00a0\u00bbnone\u00a0\u00bb column_border_style=\u00a0\u00bbsolid\u00a0\u00bb][heading] Dur\u00e9e et fr\u00e9quence des le\u00e7ons [\/heading][\/vc_column][\/vc_row][vc_row type=\u00a0\u00bbin_container\u00a0\u00bb full_screen_row_position=\u00a0\u00bbmiddle\u00a0\u00bb scene_position=\u00a0\u00bbcenter\u00a0\u00bb text_color=\u00a0\u00bbdark\u00a0\u00bb text_align=\u00a0\u00bbleft\u00a0\u00bb&#8230;<\/p>\n","protected":false},"author":1,"featured_media":0,"parent":366,"menu_order":1,"comment_status":"closed","ping_status":"open","template":"page-sidebar.php","meta":{"footnotes":""},"class_list":["post-880","page","type-page","status-publish"],"_links":{"self":[{"href":"https:\/\/www.alexandertechnique.be\/fr\/wp-json\/wp\/v2\/pages\/880","targetHints":{"allow":["GET"]}}],"collection":[{"href":"https:\/\/www.alexandertechnique.be\/fr\/wp-json\/wp\/v2\/pages"}],"about":[{"href":"https:\/\/www.alexandertechnique.be\/fr\/wp-json\/wp\/v2\/types\/page"}],"author":[{"embeddable":true,"href":"https:\/\/www.alexandertechnique.be\/fr\/wp-json\/wp\/v2\/users\/1"}],"replies":[{"embeddable":true,"href":"https:\/\/www.alexandertechnique.be\/fr\/wp-json\/wp\/v2\/comments?post=880"}],"version-history":[{"count":18,"href":"https:\/\/www.alexandertechnique.be\/fr\/wp-json\/wp\/v2\/pages\/880\/revisions"}],"predecessor-version":[{"id":40357,"href":"https:\/\/www.alexandertechnique.be\/fr\/wp-json\/wp\/v2\/pages\/880\/revisions\/40357"}],"up":[{"embeddable":true,"href":"https:\/\/www.alexandertechnique.be\/fr\/wp-json\/wp\/v2\/pages\/366"}],"wp:attachment":[{"href":"https:\/\/www.alexandertechnique.be\/fr\/wp-json\/wp\/v2\/media?parent=880"}],"curies":[{"name":"wp","href":"https:\/\/api.w.org\/{rel}","templated":true}]}}