{"id":664,"date":"2014-06-04T04:59:20","date_gmt":"2014-06-04T04:59:20","guid":{"rendered":"https:\/\/www.alexandertechnique.be\/CM\/alexander-technique-links-2\/"},"modified":"2019-12-28T11:26:32","modified_gmt":"2019-12-28T10:26:32","slug":"liens","status":"publish","type":"page","link":"https:\/\/www.alexandertechnique.be\/fr\/liens\/","title":{"rendered":"La Technique Alexander &#8211; Liens"},"content":{"rendered":"[vc_row type=\u00a0\u00bbfull_width_background\u00a0\u00bb full_screen_row_position=\u00a0\u00bbmiddle\u00a0\u00bb bg_image=\u00a0\u00bb37798&Prime; bg_position=\u00a0\u00bbleft top\u00a0\u00bb bg_repeat=\u00a0\u00bbrepeat\u00a0\u00bb parallax_bg=\u00a0\u00bbtrue\u00a0\u00bb parallax_bg_speed=\u00a0\u00bbslow\u00a0\u00bb scene_position=\u00a0\u00bbcenter\u00a0\u00bb text_color=\u00a0\u00bbdark\u00a0\u00bb text_align=\u00a0\u00bbleft\u00a0\u00bb top_padding=\u00a0\u00bb40&Prime; overlay_strength=\u00a0\u00bb0.3&Prime; shape_divider_position=\u00a0\u00bbbottom\u00a0\u00bb shape_type=\u00a0\u00bb\u00a0\u00bb][vc_column column_padding=\u00a0\u00bbno-extra-padding\u00a0\u00bb column_padding_position=\u00a0\u00bball\u00a0\u00bb background_color_opacity=\u00a0\u00bb1&Prime; background_hover_color_opacity=\u00a0\u00bb1&Prime; column_shadow=\u00a0\u00bbnone\u00a0\u00bb column_border_radius=\u00a0\u00bbnone\u00a0\u00bb width=\u00a0\u00bb1\/1&Prime; tablet_text_alignment=\u00a0\u00bbdefault\u00a0\u00bb phone_text_alignment=\u00a0\u00bbdefault\u00a0\u00bb column_border_width=\u00a0\u00bbnone\u00a0\u00bb column_border_style=\u00a0\u00bbsolid\u00a0\u00bb][heading]\n<h1>Liens<\/h1>\n[\/heading][\/vc_column][\/vc_row][vc_row type=\u00a0\u00bbfull_width_background\u00a0\u00bb full_screen_row_position=\u00a0\u00bbmiddle\u00a0\u00bb equal_height=\u00a0\u00bbyes\u00a0\u00bb bg_image=\u00a0\u00bb37798&Prime; bg_position=\u00a0\u00bbleft top\u00a0\u00bb bg_repeat=\u00a0\u00bbrepeat\u00a0\u00bb parallax_bg=\u00a0\u00bbtrue\u00a0\u00bb parallax_bg_speed=\u00a0\u00bbslow\u00a0\u00bb scene_position=\u00a0\u00bbcenter\u00a0\u00bb text_color=\u00a0\u00bbdark\u00a0\u00bb text_align=\u00a0\u00bbleft\u00a0\u00bb overlay_strength=\u00a0\u00bb0.3&Prime; shape_divider_position=\u00a0\u00bbbottom\u00a0\u00bb shape_type=\u00a0\u00bb\u00a0\u00bb][vc_column column_padding=\u00a0\u00bbpadding-2-percent\u00a0\u00bb column_padding_position=\u00a0\u00bball\u00a0\u00bb background_color=\u00a0\u00bb#ffffff\u00a0\u00bb background_color_opacity=\u00a0\u00bb1&Prime; background_color_hover=\u00a0\u00bb#f9f9f9&Prime; background_hover_color_opacity=\u00a0\u00bb1&Prime; column_shadow=\u00a0\u00bbnone\u00a0\u00bb column_border_radius=\u00a0\u00bbnone\u00a0\u00bb top_margin=\u00a0\u00bb20&Prime; bottom_margin=\u00a0\u00bb20&Prime; width=\u00a0\u00bb1\/3&Prime; tablet_text_alignment=\u00a0\u00bbdefault\u00a0\u00bb phone_text_alignment=\u00a0\u00bbdefault\u00a0\u00bb column_border_width=\u00a0\u00bbnone\u00a0\u00bb column_border_style=\u00a0\u00bbsolid\u00a0\u00bb column_link=\u00a0\u00bb..\/liens\/associations-de-technique-alexander-2\/\u00a0\u00bb][vc_column_text]<img loading=\"lazy\" decoding=\"async\" class=\"aligncenter size-full wp-image-38571\" src=\"https:\/\/www.alexandertechnique.be\/AT\/wp-content\/uploads\/2018\/12\/links-AT-societies.jpg\" alt=\"links-Alexander Technique Societies\" width=\"400\" height=\"250\" srcset=\"https:\/\/www.alexandertechnique.be\/AT\/wp-content\/uploads\/2018\/12\/links-AT-societies.jpg 400w, https:\/\/www.alexandertechnique.be\/AT\/wp-content\/uploads\/2018\/12\/links-AT-societies-300x188.jpg 300w\" sizes=\"auto, (max-width: 400px) 100vw, 400px\" \/>[\/vc_column_text][vc_column_text css=\u00a0\u00bb.vc_custom_1577528297978{margin-top: 20px !important;margin-bottom: 20px !important;}\u00a0\u00bb el_class=\u00a0\u00bbvignette\u00a0\u00bb]\n<h3 class=\"entry-title\"><strong>Associations professionnelles de Technique Alexander<\/strong><\/h3>\n<p>Il y a aujourd&rsquo;hui plus de 20 associations professionnelles de Technique Alexander dans le monde. La plupart sont affili\u00e9es \u00e0 la STAT (London &#8211; UK), la plus ancienne et la plus grande association professionnelle de Technique Alexander de la plan\u00e8te.[\/vc_column_text][\/vc_column][vc_column column_padding=\u00a0\u00bbpadding-2-percent\u00a0\u00bb column_padding_position=\u00a0\u00bball\u00a0\u00bb background_color=\u00a0\u00bb#ffffff\u00a0\u00bb background_color_opacity=\u00a0\u00bb1&Prime; background_color_hover=\u00a0\u00bb#f9f9f9&Prime; background_hover_color_opacity=\u00a0\u00bb1&Prime; column_shadow=\u00a0\u00bbnone\u00a0\u00bb column_border_radius=\u00a0\u00bbnone\u00a0\u00bb top_margin=\u00a0\u00bb20&Prime; bottom_margin=\u00a0\u00bb20&Prime; width=\u00a0\u00bb1\/3&Prime; tablet_text_alignment=\u00a0\u00bbdefault\u00a0\u00bb phone_text_alignment=\u00a0\u00bbdefault\u00a0\u00bb column_border_width=\u00a0\u00bbnone\u00a0\u00bb column_border_style=\u00a0\u00bbsolid\u00a0\u00bb column_link=\u00a0\u00bb..\/liens\/sites-personnels-de-professeurs-de-la-technique-alexander\/\u00a0\u00bb][vc_column_text]<img loading=\"lazy\" decoding=\"async\" class=\"aligncenter size-full wp-image-38580\" src=\"https:\/\/www.alexandertechnique.be\/AT\/wp-content\/uploads\/2018\/12\/ATBE-400x250.jpg\" alt=\"\" width=\"400\" height=\"250\" srcset=\"https:\/\/www.alexandertechnique.be\/AT\/wp-content\/uploads\/2018\/12\/ATBE-400x250.jpg 400w, https:\/\/www.alexandertechnique.be\/AT\/wp-content\/uploads\/2018\/12\/ATBE-400x250-300x188.jpg 300w\" sizes=\"auto, (max-width: 400px) 100vw, 400px\" \/>[\/vc_column_text][vc_column_text css=\u00a0\u00bb.vc_custom_1577528403231{margin-top: 20px !important;margin-bottom: 20px !important;}\u00a0\u00bb el_class=\u00a0\u00bbvignette\u00a0\u00bb]\n<h3>Sites personnels de professeurs de la Technique Alexander<\/h3>\n<p>Des centaines de professeurs de Technique Alexander ont aujourd&rsquo;hui un site internet personnel. Je reprends ici ceux que je connais personnellement ou\u00a0 que je juge valent la peine d&rsquo;\u00eatre mentionn\u00e9s.[\/vc_column_text][\/vc_column][vc_column column_padding=\u00a0\u00bbpadding-2-percent\u00a0\u00bb column_padding_position=\u00a0\u00bball\u00a0\u00bb background_color=\u00a0\u00bb#ffffff\u00a0\u00bb background_color_opacity=\u00a0\u00bb1&Prime; background_color_hover=\u00a0\u00bb#f9f9f9&Prime; background_hover_color_opacity=\u00a0\u00bb1&Prime; column_shadow=\u00a0\u00bbnone\u00a0\u00bb column_border_radius=\u00a0\u00bbnone\u00a0\u00bb top_margin=\u00a0\u00bb20&Prime; bottom_margin=\u00a0\u00bb20&Prime; width=\u00a0\u00bb1\/3&Prime; tablet_text_alignment=\u00a0\u00bbdefault\u00a0\u00bb phone_text_alignment=\u00a0\u00bbdefault\u00a0\u00bb column_border_width=\u00a0\u00bbnone\u00a0\u00bb column_border_style=\u00a0\u00bbsolid\u00a0\u00bb column_link=\u00a0\u00bb..\/liens\/ecoles-de-formation-de-professeurs-de-technique-alexander\/\u00a0\u00bb][vc_column_text]<img loading=\"lazy\" decoding=\"async\" class=\"aligncenter size-full wp-image-38577\" src=\"https:\/\/www.alexandertechnique.be\/AT\/wp-content\/uploads\/2018\/12\/training-schools-by-can.jpg\" alt=\"\" width=\"400\" height=\"250\" srcset=\"https:\/\/www.alexandertechnique.be\/AT\/wp-content\/uploads\/2018\/12\/training-schools-by-can.jpg 400w, https:\/\/www.alexandertechnique.be\/AT\/wp-content\/uploads\/2018\/12\/training-schools-by-can-300x188.jpg 300w\" sizes=\"auto, (max-width: 400px) 100vw, 400px\" \/>[\/vc_column_text][vc_column_text css=\u00a0\u00bb.vc_custom_1577528462017{margin-top: 20px !important;margin-bottom: 20px !important;}\u00a0\u00bb el_class=\u00a0\u00bbvignette\u00a0\u00bb]\n<h3>Ecoles de formation de professeurs de Technique Alexander<\/h3>\n<p>Voidi quelques liens vers des \u00e9coles de formation en Alexander.<br \/>\nCi-dessus: une \u00e9tudiante en formation avec feu Elizabeth Langford, ma formatrice et la fondatrice de l&rsquo;association belge de Technique Alexander au d\u00e9but des ann\u00e9es &rsquo;80.[\/vc_column_text][\/vc_column][\/vc_row][vc_row type=\u00a0\u00bbfull_width_background\u00a0\u00bb full_screen_row_position=\u00a0\u00bbmiddle\u00a0\u00bb equal_height=\u00a0\u00bbyes\u00a0\u00bb bg_image=\u00a0\u00bb37798&Prime; bg_position=\u00a0\u00bbleft top\u00a0\u00bb bg_repeat=\u00a0\u00bbrepeat\u00a0\u00bb parallax_bg=\u00a0\u00bbtrue\u00a0\u00bb parallax_bg_speed=\u00a0\u00bbslow\u00a0\u00bb scene_position=\u00a0\u00bbcenter\u00a0\u00bb text_color=\u00a0\u00bbdark\u00a0\u00bb text_align=\u00a0\u00bbleft\u00a0\u00bb bottom_padding=\u00a0\u00bb60&Prime; overlay_strength=\u00a0\u00bb0.3&Prime; shape_divider_position=\u00a0\u00bbbottom\u00a0\u00bb shape_type=\u00a0\u00bb\u00a0\u00bb][vc_column column_padding=\u00a0\u00bbpadding-2-percent\u00a0\u00bb column_padding_position=\u00a0\u00bball\u00a0\u00bb background_color=\u00a0\u00bb#ffffff\u00a0\u00bb background_color_opacity=\u00a0\u00bb1&Prime; background_color_hover=\u00a0\u00bb#f9f9f9&Prime; background_hover_color_opacity=\u00a0\u00bb1&Prime; column_shadow=\u00a0\u00bbnone\u00a0\u00bb column_border_radius=\u00a0\u00bbnone\u00a0\u00bb top_margin=\u00a0\u00bb20&Prime; bottom_margin=\u00a0\u00bb20&Prime; width=\u00a0\u00bb1\/3&Prime; tablet_text_alignment=\u00a0\u00bbdefault\u00a0\u00bb phone_text_alignment=\u00a0\u00bbdefault\u00a0\u00bb column_border_width=\u00a0\u00bbnone\u00a0\u00bb column_border_style=\u00a0\u00bbsolid\u00a0\u00bb column_link=\u00a0\u00bb..\/liens\/autres-sites-dinteret\/\u00a0\u00bb][vc_column_text]<img loading=\"lazy\" decoding=\"async\" class=\"aligncenter size-full wp-image-38583\" src=\"https:\/\/www.alexandertechnique.be\/AT\/wp-content\/uploads\/2018\/12\/related-websites-links-sergio-souza-763645-unsplash.jpg\" alt=\"\" width=\"400\" height=\"250\" srcset=\"https:\/\/www.alexandertechnique.be\/AT\/wp-content\/uploads\/2018\/12\/related-websites-links-sergio-souza-763645-unsplash.jpg 400w, https:\/\/www.alexandertechnique.be\/AT\/wp-content\/uploads\/2018\/12\/related-websites-links-sergio-souza-763645-unsplash-300x188.jpg 300w\" sizes=\"auto, (max-width: 400px) 100vw, 400px\" \/>[\/vc_column_text][vc_column_text css_animation=\u00a0\u00bbtop-to-bottom\u00a0\u00bb css=\u00a0\u00bb.vc_custom_1577528784585{margin-top: 20px !important;margin-bottom: 20px !important;}\u00a0\u00bb el_class=\u00a0\u00bbvignette\u00a0\u00bb]\n<h3>Autres sites internet d\u2019int\u00e9r\u00eat<\/h3>\n<p>Vous trouverez sur cette page des liens vers des sites internet qui peuvent pr\u00e9senter une certaine utilit\u00e9 pour l&rsquo;approfondissement de certains domaines d&rsquo;int\u00e9r\u00eats li\u00e9s au travail avec la Technique Alexander.[\/vc_column_text][\/vc_column][\/vc_row]\n","protected":false},"excerpt":{"rendered":"<p>[vc_row type=\u00a0\u00bbfull_width_background\u00a0\u00bb full_screen_row_position=\u00a0\u00bbmiddle\u00a0\u00bb bg_image=\u00a0\u00bb37798&Prime; bg_position=\u00a0\u00bbleft top\u00a0\u00bb bg_repeat=\u00a0\u00bbrepeat\u00a0\u00bb parallax_bg=\u00a0\u00bbtrue\u00a0\u00bb parallax_bg_speed=\u00a0\u00bbslow\u00a0\u00bb scene_position=\u00a0\u00bbcenter\u00a0\u00bb text_color=\u00a0\u00bbdark\u00a0\u00bb text_align=\u00a0\u00bbleft\u00a0\u00bb top_padding=\u00a0\u00bb40&Prime; overlay_strength=\u00a0\u00bb0.3&Prime; shape_divider_position=\u00a0\u00bbbottom\u00a0\u00bb shape_type=\u00a0\u00bb\u00a0\u00bb][vc_column column_padding=\u00a0\u00bbno-extra-padding\u00a0\u00bb column_padding_position=\u00a0\u00bball\u00a0\u00bb background_color_opacity=\u00a0\u00bb1&Prime; background_hover_color_opacity=\u00a0\u00bb1&Prime; column_shadow=\u00a0\u00bbnone\u00a0\u00bb column_border_radius=\u00a0\u00bbnone\u00a0\u00bb width=\u00a0\u00bb1\/1&Prime; tablet_text_alignment=\u00a0\u00bbdefault\u00a0\u00bb phone_text_alignment=\u00a0\u00bbdefault\u00a0\u00bb column_border_width=\u00a0\u00bbnone\u00a0\u00bb column_border_style=\u00a0\u00bbsolid\u00a0\u00bb][heading] Liens [\/heading][\/vc_column][\/vc_row][vc_row type=\u00a0\u00bbfull_width_background\u00a0\u00bb&#8230;<\/p>\n","protected":false},"author":2,"featured_media":0,"parent":0,"menu_order":5,"comment_status":"closed","ping_status":"open","template":"","meta":{"footnotes":""},"class_list":["post-664","page","type-page","status-publish"],"_links":{"self":[{"href":"https:\/\/www.alexandertechnique.be\/fr\/wp-json\/wp\/v2\/pages\/664","targetHints":{"allow":["GET"]}}],"collection":[{"href":"https:\/\/www.alexandertechnique.be\/fr\/wp-json\/wp\/v2\/pages"}],"about":[{"href":"https:\/\/www.alexandertechnique.be\/fr\/wp-json\/wp\/v2\/types\/page"}],"author":[{"embeddable":true,"href":"https:\/\/www.alexandertechnique.be\/fr\/wp-json\/wp\/v2\/users\/2"}],"replies":[{"embeddable":true,"href":"https:\/\/www.alexandertechnique.be\/fr\/wp-json\/wp\/v2\/comments?post=664"}],"version-history":[{"count":33,"href":"https:\/\/www.alexandertechnique.be\/fr\/wp-json\/wp\/v2\/pages\/664\/revisions"}],"predecessor-version":[{"id":39788,"href":"https:\/\/www.alexandertechnique.be\/fr\/wp-json\/wp\/v2\/pages\/664\/revisions\/39788"}],"wp:attachment":[{"href":"https:\/\/www.alexandertechnique.be\/fr\/wp-json\/wp\/v2\/media?parent=664"}],"curies":[{"name":"wp","href":"https:\/\/api.w.org\/{rel}","templated":true}]}}