{"id":625,"date":"2014-06-03T15:15:47","date_gmt":"2014-06-03T13:15:47","guid":{"rendered":"https:\/\/www.alexandertechnique.be\/CM\/la-technique-alexander-et-ses-applications\/la-technique-alexander-et-le-travail-sur-soi\/the-alexander-technique-and-meditation\/"},"modified":"2019-10-12T18:35:28","modified_gmt":"2019-10-12T16:35:28","slug":"meditation","status":"publish","type":"page","link":"https:\/\/www.alexandertechnique.be\/fr\/applications\/le-potentiel-humain\/meditation\/","title":{"rendered":"La Technique Alexander et la m\u00e9ditation"},"content":{"rendered":"[vc_row type=\u00a0\u00bbin_container\u00a0\u00bb full_screen_row_position=\u00a0\u00bbmiddle\u00a0\u00bb scene_position=\u00a0\u00bbcenter\u00a0\u00bb text_color=\u00a0\u00bbdark\u00a0\u00bb text_align=\u00a0\u00bbleft\u00a0\u00bb overlay_strength=\u00a0\u00bb0.3&Prime; shape_divider_position=\u00a0\u00bbbottom\u00a0\u00bb][vc_column column_padding=\u00a0\u00bbno-extra-padding\u00a0\u00bb column_padding_position=\u00a0\u00bball\u00a0\u00bb background_color_opacity=\u00a0\u00bb1&Prime; background_hover_color_opacity=\u00a0\u00bb1&Prime; column_shadow=\u00a0\u00bbnone\u00a0\u00bb column_border_radius=\u00a0\u00bbnone\u00a0\u00bb width=\u00a0\u00bb1\/1&Prime; tablet_text_alignment=\u00a0\u00bbdefault\u00a0\u00bb phone_text_alignment=\u00a0\u00bbdefault\u00a0\u00bb column_border_width=\u00a0\u00bbnone\u00a0\u00bb column_border_style=\u00a0\u00bbsolid\u00a0\u00bb][heading]\n<h2>La Technique Alexander et la m\u00e9ditation<\/h2>\n[\/heading][vc_column_text]L\u2019Occident conna\u00eet un regain d\u2019int\u00e9r\u00eat pour la sagesse et les techniques import\u00e9es d\u2019Orient qui pr\u00f4nent la transcendance et le respect des lois de l\u2019Univers. Ces techniques sont tr\u00e8s nombreuses, certaines plus connues que d\u2019autres, comme le Zen dont le terme est pass\u00e9 dans le langage courant, avec la perte de sens que cela entra\u00eene.<\/p>\n<p>M\u00eame si ces techniques visent l\u2019unit\u00e9, les conditions de vie occidentales sont fort peu compatibles avec les exigences d\u2019origine et les modes de vie qui les ont g\u00e9n\u00e9r\u00e9es.<\/p>\n<p>L\u2019application des instructions pour se mettre dans les postures de m\u00e9ditation de certaines \u00e9coles est souvent un grand d\u00e9fi pour l\u2019Occidental rationnel et \u00e0 l\u2019\u00eatre divis\u00e9.<\/p>\n<p>Il ne peut comprendre que cr\u00e9er les conditions pour m\u00e9diter ne lui viennent pas naturellement, qu\u2019il ne suffit pas de simplement le vouloir et que, tel qu\u2019il est, prendre une \u2018position favorable\u2019 au d\u00e9tachement m\u00e8ne souvent \u00e0 autre chose qu\u2019\u00e0 une rencontre avec soi et le monde.<\/p>\n<p>Parce que la Technique Alexander apprend \u00e0 permettre aux m\u00e9canismes posturaux de fonctionner librement, en permettant au corps d\u2019adopter ses sch\u00e9mas posturaux propres \u00e0 l\u2019int\u00e9rieur d\u2019une position impos\u00e9e, elle peut aider l\u2019aspirant aux techniques m\u00e9ditatives \u00e0 cr\u00e9er consciemment les conditions physiques qui vont favoriser l\u2019unification de son \u00eatre dans le cadre d\u2019une pratique m\u00e9ditative donn\u00e9e. Les directives particuli\u00e8res qu\u2019il re\u00e7oit de ses instructeurs prendront un sens beaucoup plus concret lorsqu\u2019il aura fait l\u2019exp\u00e9rience d\u2019un corps qui accepte sans r\u00e9sistance d\u2019\u00eatre dirig\u00e9 consciemment vers un meilleur \u00e9quilibre et dans un champ de conscience plus \u00e9largi, englobant perceptions int\u00e9rieures et perceptions ext\u00e9rieures.[\/vc_column_text][\/vc_column][\/vc_row][vc_row type=\u00a0\u00bbin_container\u00a0\u00bb full_screen_row_position=\u00a0\u00bbmiddle\u00a0\u00bb scene_position=\u00a0\u00bbcenter\u00a0\u00bb text_color=\u00a0\u00bbdark\u00a0\u00bb text_align=\u00a0\u00bbleft\u00a0\u00bb overlay_strength=\u00a0\u00bb0.3&Prime; shape_divider_position=\u00a0\u00bbbottom\u00a0\u00bb shape_type=\u00a0\u00bb\u00a0\u00bb][vc_column column_padding=\u00a0\u00bbno-extra-padding\u00a0\u00bb column_padding_position=\u00a0\u00bball\u00a0\u00bb background_color_opacity=\u00a0\u00bb1&Prime; background_hover_color_opacity=\u00a0\u00bb1&Prime; column_shadow=\u00a0\u00bbnone\u00a0\u00bb column_border_radius=\u00a0\u00bbnone\u00a0\u00bb width=\u00a0\u00bb1\/1&Prime; tablet_text_alignment=\u00a0\u00bbdefault\u00a0\u00bb phone_text_alignment=\u00a0\u00bbdefault\u00a0\u00bb column_border_width=\u00a0\u00bbnone\u00a0\u00bb column_border_style=\u00a0\u00bbsolid\u00a0\u00bb][vc_row_inner column_margin=\u00a0\u00bbdefault\u00a0\u00bb text_align=\u00a0\u00bbcenter\u00a0\u00bb css=\u00a0\u00bb.vc_custom_1570889486236{padding-top: 20px !important;padding-right: 5px !important;padding-bottom: 20px !important;padding-left: 5px !important;background-color: #f2f2f2 !important;}\u00a0\u00bb][vc_column_inner column_padding=\u00a0\u00bbno-extra-padding\u00a0\u00bb column_padding_position=\u00a0\u00bball\u00a0\u00bb background_color_opacity=\u00a0\u00bb1&Prime; background_hover_color_opacity=\u00a0\u00bb1&Prime; column_shadow=\u00a0\u00bbnone\u00a0\u00bb column_border_radius=\u00a0\u00bbnone\u00a0\u00bb width=\u00a0\u00bb1\/1&Prime; column_border_width=\u00a0\u00bbnone\u00a0\u00bb column_border_style=\u00a0\u00bbsolid\u00a0\u00bb][vc_column_text]<strong>Athanase Vettas<\/strong> &#8211; Professeur de Technique Alexander \u00e0 Bruxelles &#8211; <a href=\"http:\/\/www.techniquealexander.be\">www.techniquealexander.be<\/a>[\/vc_column_text][\/vc_column_inner][\/vc_row_inner][\/vc_column][\/vc_row]\n","protected":false},"excerpt":{"rendered":"<p>[vc_row type=\u00a0\u00bbin_container\u00a0\u00bb full_screen_row_position=\u00a0\u00bbmiddle\u00a0\u00bb scene_position=\u00a0\u00bbcenter\u00a0\u00bb text_color=\u00a0\u00bbdark\u00a0\u00bb text_align=\u00a0\u00bbleft\u00a0\u00bb overlay_strength=\u00a0\u00bb0.3&Prime; shape_divider_position=\u00a0\u00bbbottom\u00a0\u00bb][vc_column column_padding=\u00a0\u00bbno-extra-padding\u00a0\u00bb column_padding_position=\u00a0\u00bball\u00a0\u00bb background_color_opacity=\u00a0\u00bb1&Prime; background_hover_color_opacity=\u00a0\u00bb1&Prime; column_shadow=\u00a0\u00bbnone\u00a0\u00bb column_border_radius=\u00a0\u00bbnone\u00a0\u00bb width=\u00a0\u00bb1\/1&Prime; tablet_text_alignment=\u00a0\u00bbdefault\u00a0\u00bb phone_text_alignment=\u00a0\u00bbdefault\u00a0\u00bb column_border_width=\u00a0\u00bbnone\u00a0\u00bb column_border_style=\u00a0\u00bbsolid\u00a0\u00bb][heading] La Technique Alexander et la m\u00e9ditation [\/heading][vc_column_text]L\u2019Occident conna\u00eet un regain d\u2019int\u00e9r\u00eat&#8230;<\/p>\n","protected":false},"author":2,"featured_media":0,"parent":601,"menu_order":5,"comment_status":"closed","ping_status":"closed","template":"page-sidebar.php","meta":{"footnotes":""},"class_list":["post-625","page","type-page","status-publish"],"_links":{"self":[{"href":"https:\/\/www.alexandertechnique.be\/fr\/wp-json\/wp\/v2\/pages\/625","targetHints":{"allow":["GET"]}}],"collection":[{"href":"https:\/\/www.alexandertechnique.be\/fr\/wp-json\/wp\/v2\/pages"}],"about":[{"href":"https:\/\/www.alexandertechnique.be\/fr\/wp-json\/wp\/v2\/types\/page"}],"author":[{"embeddable":true,"href":"https:\/\/www.alexandertechnique.be\/fr\/wp-json\/wp\/v2\/users\/2"}],"replies":[{"embeddable":true,"href":"https:\/\/www.alexandertechnique.be\/fr\/wp-json\/wp\/v2\/comments?post=625"}],"version-history":[{"count":23,"href":"https:\/\/www.alexandertechnique.be\/fr\/wp-json\/wp\/v2\/pages\/625\/revisions"}],"predecessor-version":[{"id":626,"href":"https:\/\/www.alexandertechnique.be\/fr\/wp-json\/wp\/v2\/pages\/625\/revisions\/626"}],"up":[{"embeddable":true,"href":"https:\/\/www.alexandertechnique.be\/fr\/wp-json\/wp\/v2\/pages\/601"}],"wp:attachment":[{"href":"https:\/\/www.alexandertechnique.be\/fr\/wp-json\/wp\/v2\/media?parent=625"}],"curies":[{"name":"wp","href":"https:\/\/api.w.org\/{rel}","templated":true}]}}