{"id":398,"date":"2014-05-30T08:27:57","date_gmt":"2014-05-30T08:27:57","guid":{"rendered":"https:\/\/www.alexandertechnique.be\/CM\/la-technique-alexander-et-ses-applications\/the-alexander-technique-pain-and-health\/the-alexander-technique-and-back-pain\/"},"modified":"2024-07-31T11:07:15","modified_gmt":"2024-07-31T09:07:15","slug":"maux-de-dos","status":"publish","type":"page","link":"https:\/\/www.alexandertechnique.be\/fr\/applications\/douleur-et-sante\/maux-de-dos\/","title":{"rendered":"La Technique Alexander et les maux de dos"},"content":{"rendered":"[vc_row type=\u00a0\u00bbin_container\u00a0\u00bb full_screen_row_position=\u00a0\u00bbmiddle\u00a0\u00bb scene_position=\u00a0\u00bbcenter\u00a0\u00bb text_color=\u00a0\u00bbdark\u00a0\u00bb text_align=\u00a0\u00bbleft\u00a0\u00bb overlay_strength=\u00a0\u00bb0.3&Prime; shape_divider_position=\u00a0\u00bbbottom\u00a0\u00bb shape_type=\u00a0\u00bb\u00a0\u00bb][vc_column column_padding=\u00a0\u00bbno-extra-padding\u00a0\u00bb column_padding_position=\u00a0\u00bball\u00a0\u00bb background_color_opacity=\u00a0\u00bb1&Prime; background_hover_color_opacity=\u00a0\u00bb1&Prime; column_shadow=\u00a0\u00bbnone\u00a0\u00bb column_border_radius=\u00a0\u00bbnone\u00a0\u00bb width=\u00a0\u00bb1\/1&Prime; tablet_text_alignment=\u00a0\u00bbdefault\u00a0\u00bb phone_text_alignment=\u00a0\u00bbdefault\u00a0\u00bb column_border_width=\u00a0\u00bbnone\u00a0\u00bb column_border_style=\u00a0\u00bbsolid\u00a0\u00bb][heading]\n<h2 class=\"entry-title\">La Technique Alexander et les maux de dos<\/h2>\n[\/heading][\/vc_column][\/vc_row][vc_row type=\u00a0\u00bbin_container\u00a0\u00bb full_screen_row_position=\u00a0\u00bbmiddle\u00a0\u00bb scene_position=\u00a0\u00bbcenter\u00a0\u00bb text_color=\u00a0\u00bbdark\u00a0\u00bb text_align=\u00a0\u00bbleft\u00a0\u00bb bottom_padding=\u00a0\u00bb70&Prime; overlay_strength=\u00a0\u00bb0.3&Prime; shape_divider_position=\u00a0\u00bbbottom\u00a0\u00bb shape_type=\u00a0\u00bb\u00a0\u00bb][vc_column column_padding=\u00a0\u00bbpadding-2-percent\u00a0\u00bb column_padding_position=\u00a0\u00bball\u00a0\u00bb background_color_opacity=\u00a0\u00bb1&Prime; background_hover_color_opacity=\u00a0\u00bb1&Prime; column_shadow=\u00a0\u00bbnone\u00a0\u00bb column_border_radius=\u00a0\u00bbnone\u00a0\u00bb width=\u00a0\u00bb1\/1&Prime; tablet_text_alignment=\u00a0\u00bbdefault\u00a0\u00bb phone_text_alignment=\u00a0\u00bbdefault\u00a0\u00bb column_border_width=\u00a0\u00bbnone\u00a0\u00bb column_border_style=\u00a0\u00bbsolid\u00a0\u00bb][vc_column_text]La Technique Alexander est souvent associ\u00e9e \u00e0 des affirmations telles que \u00abAh, oui, c\u2019est bon pour le dos, je connais un tel qui l\u2019a essay\u00e9e et se sent beaucoup mieux\u00bb. Ces affirmations prouvent au moins deux choses. Premi\u00e8rement que le mal de dos n\u2019est pas une chim\u00e8re et deuxi\u00e8mement que l\u2019on croit que la Technique Alexander est efficace pour le traiter. Tant mieux pour nous, mais ce genre d\u2019affirmations fausse la perspective.<\/p>\n<p>Dans cette appr\u00e9ciation de la Technique, il est sous-entendu qu\u2019elle serait une th\u00e9rapie et chercherait \u00e0 soigner la douleur, ce qui montre une mauvaise compr\u00e9hension de ce qu\u2019elle est r\u00e9ellement et de son objet v\u00e9ritable. La Technique Alexander cherche \u00e0 r\u00e9\u00e9duquer l\u2019\u00e9l\u00e8ve par rapport \u00e0 ses mauvaises habitudes de respiration, de mouvement, de posture et d\u2019attitudes et de lui donner la possibilit\u00e9 de faire place \u00e0 quelque chose de plus physiologique. Si le mal de dos dispara\u00eet au cours de ce processus de r\u00e9\u00e9ducation, ce sera parce que les conditions n\u00e9cessaires \u00e0 sa disparition auront \u00e9t\u00e9 cr\u00e9\u00e9es et maintenues. En d\u2019autres termes, nous voyons le mal de dos comme le sympt\u00f4me d\u2019une mauvaise utilisation de soi plus g\u00e9n\u00e9rale. En nous adressant au corps dans son ensemble, nous n\u2019oublions pas le dos ou toute autre partie du corps, mais nous pensons que si le dos peut trouver sa place dans une meilleure utilisation de tout l\u2019individu, il n\u2019aura plus sa raison d\u2019\u00eatre.<\/p>\n<p><img decoding=\"async\" class=\"aligncenter\" src=\"https:\/\/i2.wp.com\/www.alexandertechnique.be\/CM\/uploads\/2015\/05\/BackPainRFrame1.jpg?resize=300%2C289\" alt=\"BackPainRFrame\" \/><\/p>\n<p>Apprendre ce que propose la Technique Alexander, cela signifie qu\u2019en d\u00e9pit des probl\u00e8mes g\u00e9n\u00e9r\u00e9s par notre vie stressante o\u00f9 nous passons trop de temps assis, o\u00f9 nous sommes constamment pris par le temps et o\u00f9 nous passons la journ\u00e9e \u00e0 r\u00e9p\u00e9ter les m\u00eames mouvements qui conduisent \u00e0 nos douleurs, il est possible de faire face \u00e0 ces exigences dans les meilleures conditions possibles en permettant l\u2019expansion g\u00e9n\u00e9rale de notre structure physique en \u00e9quilibre dynamique. Cela mobilise \u00e9galement notre attention \u00e0 \u00eatre dirig\u00e9 tout en consid\u00e9rant l\u2019usage de soi dans son ensemble \u00e0 tout moment au cours de toute activit\u00e9, \u00e9vitant ainsi de cr\u00e9er des conditions qui peuvent conduire \u00e0 des tensions et \u00e0 douleurs neuromusculaires, dorsales ou autres.<\/p>\n<p>Les effets th\u00e9rapeutiques de la Technique Alexander sont ind\u00e9niables, ils sont le r\u00e9sultat du bien-\u00eatre g\u00e9n\u00e9ral. Elle ne vise pas le soulagement imm\u00e9diat, quoique l\u2019\u00e9l\u00e8ve quitte en g\u00e9n\u00e9ral une le\u00e7on en se sentant plus l\u00e9ger, mais des bienfaits et une am\u00e9lioration durables qu\u2019il apprend \u00e0 entretenir.<\/p>\n<p>.[\/vc_column_text][\/vc_column][\/vc_row]\n","protected":false},"excerpt":{"rendered":"<p>[vc_row type=\u00a0\u00bbin_container\u00a0\u00bb full_screen_row_position=\u00a0\u00bbmiddle\u00a0\u00bb scene_position=\u00a0\u00bbcenter\u00a0\u00bb text_color=\u00a0\u00bbdark\u00a0\u00bb text_align=\u00a0\u00bbleft\u00a0\u00bb overlay_strength=\u00a0\u00bb0.3&Prime; shape_divider_position=\u00a0\u00bbbottom\u00a0\u00bb shape_type=\u00a0\u00bb\u00a0\u00bb][vc_column column_padding=\u00a0\u00bbno-extra-padding\u00a0\u00bb column_padding_position=\u00a0\u00bball\u00a0\u00bb background_color_opacity=\u00a0\u00bb1&Prime; background_hover_color_opacity=\u00a0\u00bb1&Prime; column_shadow=\u00a0\u00bbnone\u00a0\u00bb column_border_radius=\u00a0\u00bbnone\u00a0\u00bb width=\u00a0\u00bb1\/1&Prime; tablet_text_alignment=\u00a0\u00bbdefault\u00a0\u00bb phone_text_alignment=\u00a0\u00bbdefault\u00a0\u00bb column_border_width=\u00a0\u00bbnone\u00a0\u00bb column_border_style=\u00a0\u00bbsolid\u00a0\u00bb][heading] La Technique Alexander et les maux de dos [\/heading][\/vc_column][\/vc_row][vc_row type=\u00a0\u00bbin_container\u00a0\u00bb&#8230;<\/p>\n","protected":false},"author":2,"featured_media":0,"parent":390,"menu_order":2,"comment_status":"closed","ping_status":"closed","template":"page-sidebar.php","meta":{"footnotes":""},"class_list":["post-398","page","type-page","status-publish"],"_links":{"self":[{"href":"https:\/\/www.alexandertechnique.be\/fr\/wp-json\/wp\/v2\/pages\/398","targetHints":{"allow":["GET"]}}],"collection":[{"href":"https:\/\/www.alexandertechnique.be\/fr\/wp-json\/wp\/v2\/pages"}],"about":[{"href":"https:\/\/www.alexandertechnique.be\/fr\/wp-json\/wp\/v2\/types\/page"}],"author":[{"embeddable":true,"href":"https:\/\/www.alexandertechnique.be\/fr\/wp-json\/wp\/v2\/users\/2"}],"replies":[{"embeddable":true,"href":"https:\/\/www.alexandertechnique.be\/fr\/wp-json\/wp\/v2\/comments?post=398"}],"version-history":[{"count":31,"href":"https:\/\/www.alexandertechnique.be\/fr\/wp-json\/wp\/v2\/pages\/398\/revisions"}],"predecessor-version":[{"id":40049,"href":"https:\/\/www.alexandertechnique.be\/fr\/wp-json\/wp\/v2\/pages\/398\/revisions\/40049"}],"up":[{"embeddable":true,"href":"https:\/\/www.alexandertechnique.be\/fr\/wp-json\/wp\/v2\/pages\/390"}],"wp:attachment":[{"href":"https:\/\/www.alexandertechnique.be\/fr\/wp-json\/wp\/v2\/media?parent=398"}],"curies":[{"name":"wp","href":"https:\/\/api.w.org\/{rel}","templated":true}]}}