{"id":386,"date":"2014-05-30T05:40:49","date_gmt":"2014-05-30T03:40:49","guid":{"rendered":"https:\/\/www.alexandertechnique.be\/CM\/the-alexander-technique-and-its-applications-2\/"},"modified":"2019-03-29T09:54:22","modified_gmt":"2019-03-29T08:54:22","slug":"applications","status":"publish","type":"page","link":"https:\/\/www.alexandertechnique.be\/fr\/applications\/","title":{"rendered":"La Technique Alexander et ses applications"},"content":{"rendered":"[vc_row type=\u00a0\u00bbfull_width_background\u00a0\u00bb full_screen_row_position=\u00a0\u00bbmiddle\u00a0\u00bb bg_image=\u00a0\u00bb37798&Prime; bg_position=\u00a0\u00bbleft top\u00a0\u00bb bg_repeat=\u00a0\u00bbrepeat\u00a0\u00bb parallax_bg=\u00a0\u00bbtrue\u00a0\u00bb parallax_bg_speed=\u00a0\u00bbslow\u00a0\u00bb scene_position=\u00a0\u00bbcenter\u00a0\u00bb text_color=\u00a0\u00bbdark\u00a0\u00bb text_align=\u00a0\u00bbleft\u00a0\u00bb top_padding=\u00a0\u00bb40&Prime; overlay_strength=\u00a0\u00bb0.3&Prime; shape_divider_position=\u00a0\u00bbbottom\u00a0\u00bb shape_type=\u00a0\u00bb\u00a0\u00bb][vc_column column_padding=\u00a0\u00bbno-extra-padding\u00a0\u00bb column_padding_position=\u00a0\u00bball\u00a0\u00bb background_color_opacity=\u00a0\u00bb1&Prime; background_hover_color_opacity=\u00a0\u00bb1&Prime; column_shadow=\u00a0\u00bbnone\u00a0\u00bb column_border_radius=\u00a0\u00bbnone\u00a0\u00bb width=\u00a0\u00bb1\/1&Prime; tablet_text_alignment=\u00a0\u00bbdefault\u00a0\u00bb phone_text_alignment=\u00a0\u00bbdefault\u00a0\u00bb column_border_width=\u00a0\u00bbnone\u00a0\u00bb column_border_style=\u00a0\u00bbsolid\u00a0\u00bb][heading]\n<h1 style=\"text-align: center;\">Applications de la Technique Alexander<\/h1>\n[\/heading][\/vc_column][\/vc_row][vc_row type=\u00a0\u00bbfull_width_background\u00a0\u00bb full_screen_row_position=\u00a0\u00bbmiddle\u00a0\u00bb bg_image=\u00a0\u00bb37798&Prime; bg_position=\u00a0\u00bbleft top\u00a0\u00bb bg_repeat=\u00a0\u00bbrepeat\u00a0\u00bb parallax_bg=\u00a0\u00bbtrue\u00a0\u00bb parallax_bg_speed=\u00a0\u00bbslow\u00a0\u00bb scene_position=\u00a0\u00bbcenter\u00a0\u00bb text_color=\u00a0\u00bbdark\u00a0\u00bb text_align=\u00a0\u00bbleft\u00a0\u00bb bottom_padding=\u00a0\u00bb40&Prime; overlay_strength=\u00a0\u00bb0.3&Prime; shape_divider_position=\u00a0\u00bbbottom\u00a0\u00bb shape_type=\u00a0\u00bb\u00a0\u00bb][vc_column column_padding=\u00a0\u00bbpadding-2-percent\u00a0\u00bb column_padding_position=\u00a0\u00bball\u00a0\u00bb background_color=\u00a0\u00bb#ffffff\u00a0\u00bb background_color_opacity=\u00a0\u00bb1&Prime; background_color_hover=\u00a0\u00bb#f9f9f9&Prime; background_hover_color_opacity=\u00a0\u00bb1&Prime; column_shadow=\u00a0\u00bbnone\u00a0\u00bb column_border_radius=\u00a0\u00bbnone\u00a0\u00bb top_margin=\u00a0\u00bb20&Prime; bottom_margin=\u00a0\u00bb20&Prime; width=\u00a0\u00bb1\/3&Prime; tablet_text_alignment=\u00a0\u00bbdefault\u00a0\u00bb phone_text_alignment=\u00a0\u00bbdefault\u00a0\u00bb column_border_width=\u00a0\u00bbnone\u00a0\u00bb column_border_style=\u00a0\u00bbsolid\u00a0\u00bb column_link=\u00a0\u00bb..\/applications\/introduction\u00a0\u00bb][vc_column_text]<img loading=\"lazy\" decoding=\"async\" class=\"aligncenter size-full wp-image-37238\" src=\"https:\/\/www.alexandertechnique.be\/AT\/wp-content\/uploads\/2018\/10\/applications-intro-page-2.jpg\" alt=\"Alexander Technique - applications-intro\" width=\"400\" height=\"250\" srcset=\"https:\/\/www.alexandertechnique.be\/AT\/wp-content\/uploads\/2018\/10\/applications-intro-page-2.jpg 400w, https:\/\/www.alexandertechnique.be\/AT\/wp-content\/uploads\/2018\/10\/applications-intro-page-2-300x188.jpg 300w\" sizes=\"auto, (max-width: 400px) 100vw, 400px\" \/>[\/vc_column_text][vc_column_text css=\u00a0\u00bb.vc_custom_1548099048013{margin-top: 20px !important;margin-bottom: 20px !important;}\u00a0\u00bb]\n<h3>Applications &#8211; Introduction<\/h3>\n<p>D&rsquo;un point de vue pratique, la Technique Alexander vous enseignera comment entrer en mouvement en conscience et maintenir un bon usage et une bonne attitude pendant et apr\u00e8s une action, une r\u00e9action ou une activit\u00e9 ou performence donn\u00e9es.[\/vc_column_text][\/vc_column][vc_column column_padding=\u00a0\u00bbpadding-2-percent\u00a0\u00bb column_padding_position=\u00a0\u00bball\u00a0\u00bb background_color=\u00a0\u00bb#ffffff\u00a0\u00bb background_color_opacity=\u00a0\u00bb1&Prime; background_color_hover=\u00a0\u00bb#f9f9f9&Prime; background_hover_color_opacity=\u00a0\u00bb1&Prime; column_shadow=\u00a0\u00bbnone\u00a0\u00bb column_border_radius=\u00a0\u00bbnone\u00a0\u00bb top_margin=\u00a0\u00bb20&Prime; bottom_margin=\u00a0\u00bb20&Prime; width=\u00a0\u00bb1\/3&Prime; tablet_text_alignment=\u00a0\u00bbdefault\u00a0\u00bb phone_text_alignment=\u00a0\u00bbdefault\u00a0\u00bb column_border_width=\u00a0\u00bbnone\u00a0\u00bb column_border_style=\u00a0\u00bbsolid\u00a0\u00bb column_link=\u00a0\u00bb..\/applications\/douleur-et-sante\/\u00a0\u00bb][vc_column_text]<img loading=\"lazy\" decoding=\"async\" class=\"aligncenter wp-image-35888\" src=\"https:\/\/www.alexandertechnique.be\/AT\/wp-content\/uploads\/2018\/09\/pain-and-health-intro-300x185.jpg\" alt=\"Pain and Health\" width=\"405\" height=\"250\" srcset=\"https:\/\/www.alexandertechnique.be\/AT\/wp-content\/uploads\/2018\/09\/pain-and-health-intro-300x185.jpg 300w, https:\/\/www.alexandertechnique.be\/AT\/wp-content\/uploads\/2018\/09\/pain-and-health-intro.jpg 500w\" sizes=\"auto, (max-width: 405px) 100vw, 405px\" \/>[\/vc_column_text][vc_column_text css=\u00a0\u00bb.vc_custom_1553801479552{margin-top: 20px !important;margin-bottom: 20px !important;}\u00a0\u00bb]\n<h3>Douleur et sant\u00e9<br \/>\nBien-\u00eatre<\/h3>\n<p>Avec la Technique Alexander vous d\u00e9couvrivez l&rsquo;importance de r\u00e9actions conscientes appropri\u00e9es dans le maintien d&rsquo;un bon usage dans la douleur ou la maladie. Bouger selon notre physiologie devient vital lorsque l&rsquo;organisme est affaibli.[\/vc_column_text][\/vc_column][vc_column column_padding=\u00a0\u00bbpadding-2-percent\u00a0\u00bb column_padding_position=\u00a0\u00bball\u00a0\u00bb background_color=\u00a0\u00bb#ffffff\u00a0\u00bb background_color_opacity=\u00a0\u00bb1&Prime; background_color_hover=\u00a0\u00bb#f9f9f9&Prime; background_hover_color_opacity=\u00a0\u00bb1&Prime; column_shadow=\u00a0\u00bbnone\u00a0\u00bb column_border_radius=\u00a0\u00bbnone\u00a0\u00bb top_margin=\u00a0\u00bb20&Prime; bottom_margin=\u00a0\u00bb20&Prime; width=\u00a0\u00bb1\/3&Prime; tablet_text_alignment=\u00a0\u00bbdefault\u00a0\u00bb phone_text_alignment=\u00a0\u00bbdefault\u00a0\u00bb column_border_width=\u00a0\u00bbnone\u00a0\u00bb column_border_style=\u00a0\u00bbsolid\u00a0\u00bb column_link=\u00a0\u00bb..\/applications\/loisirs-et-vie-quotidienne\/\u00a0\u00bb][vc_column_text]<img loading=\"lazy\" decoding=\"async\" class=\"aligncenter wp-image-35902\" src=\"https:\/\/www.alexandertechnique.be\/AT\/wp-content\/uploads\/2018\/09\/leisure-intro-1-300x185.jpg\" alt=\"\" width=\"405\" height=\"250\" srcset=\"https:\/\/www.alexandertechnique.be\/AT\/wp-content\/uploads\/2018\/09\/leisure-intro-1-300x185.jpg 300w, https:\/\/www.alexandertechnique.be\/AT\/wp-content\/uploads\/2018\/09\/leisure-intro-1.jpg 500w\" sizes=\"auto, (max-width: 405px) 100vw, 405px\" \/>[\/vc_column_text][vc_column_text css=\u00a0\u00bb.vc_custom_1553849379854{margin-top: 20px !important;margin-bottom: 20px !important;}\u00a0\u00bb]\n<h3>Loisirs et vie quotidienne<br \/>\nActivit\u00e9s habituelles<\/h3>\n<p>La plupart d&rsquo;entre nous n&rsquo;accordons pas l&rsquo;importance qu&rsquo;il m\u00e9rite au bon usage de nous-m\u00eames au cours de nos activit\u00e9s habituelles et pavons ainsi le terrain \u00e0 de d\u00e9sagr\u00e9ables surprises dans un futur per\u00e7u souvent \u00e0 tort comme bien lointain.[\/vc_column_text][\/vc_column][\/vc_row][vc_row type=\u00a0\u00bbfull_width_background\u00a0\u00bb full_screen_row_position=\u00a0\u00bbmiddle\u00a0\u00bb bg_image=\u00a0\u00bb37798&Prime; bg_position=\u00a0\u00bbleft top\u00a0\u00bb bg_repeat=\u00a0\u00bbrepeat\u00a0\u00bb parallax_bg=\u00a0\u00bbtrue\u00a0\u00bb parallax_bg_speed=\u00a0\u00bbslow\u00a0\u00bb scene_position=\u00a0\u00bbcenter\u00a0\u00bb text_color=\u00a0\u00bbdark\u00a0\u00bb text_align=\u00a0\u00bbleft\u00a0\u00bb top_padding=\u00a0\u00bb40&Prime; bottom_padding=\u00a0\u00bb40&Prime; overlay_strength=\u00a0\u00bb0.3&Prime; shape_divider_position=\u00a0\u00bbbottom\u00a0\u00bb shape_type=\u00a0\u00bb\u00a0\u00bb][vc_column column_padding=\u00a0\u00bbpadding-2-percent\u00a0\u00bb column_padding_position=\u00a0\u00bball\u00a0\u00bb background_color=\u00a0\u00bb#ffffff\u00a0\u00bb background_color_opacity=\u00a0\u00bb1&Prime; background_color_hover=\u00a0\u00bb#f9f9f9&Prime; background_hover_color_opacity=\u00a0\u00bb1&Prime; column_shadow=\u00a0\u00bbnone\u00a0\u00bb column_border_radius=\u00a0\u00bbnone\u00a0\u00bb top_margin=\u00a0\u00bb20&Prime; bottom_margin=\u00a0\u00bb20&Prime; width=\u00a0\u00bb1\/3&Prime; tablet_text_alignment=\u00a0\u00bbdefault\u00a0\u00bb phone_text_alignment=\u00a0\u00bbdefault\u00a0\u00bb column_border_width=\u00a0\u00bbnone\u00a0\u00bb column_border_style=\u00a0\u00bbsolid\u00a0\u00bb column_link=\u00a0\u00bb..\/applications\/hobby-et-travail\/\u00a0\u00bb][vc_column_text]<img loading=\"lazy\" decoding=\"async\" class=\"aligncenter wp-image-35916\" src=\"https:\/\/www.alexandertechnique.be\/AT\/wp-content\/uploads\/2018\/09\/Workplace-intro-300x185.jpg\" alt=\"Workplace\" width=\"405\" height=\"250\" srcset=\"https:\/\/www.alexandertechnique.be\/AT\/wp-content\/uploads\/2018\/09\/Workplace-intro-300x185.jpg 300w, https:\/\/www.alexandertechnique.be\/AT\/wp-content\/uploads\/2018\/09\/Workplace-intro.jpg 500w\" sizes=\"auto, (max-width: 405px) 100vw, 405px\" \/>[\/vc_column_text][vc_column_text css=\u00a0\u00bb.vc_custom_1548100873643{margin-top: 20px !important;margin-bottom: 20px !important;}\u00a0\u00bb]\n<h3>Environnement professionnel<\/h3>\n<p>L&rsquo;adaptation \u00e0 un environnement de plus en plus changeant et exigeant conduit souvent \u00e0 un stress et \u00e0 une fatigue excessive insidieux.<br \/>\nLa Technique Alexander permet de garder une bonne perception de soi dans le changement.[\/vc_column_text][\/vc_column][vc_column column_padding=\u00a0\u00bbpadding-2-percent\u00a0\u00bb column_padding_position=\u00a0\u00bball\u00a0\u00bb background_color=\u00a0\u00bb#ffffff\u00a0\u00bb background_color_opacity=\u00a0\u00bb1&Prime; background_color_hover=\u00a0\u00bb#f9f9f9&Prime; background_hover_color_opacity=\u00a0\u00bb1&Prime; column_shadow=\u00a0\u00bbnone\u00a0\u00bb column_border_radius=\u00a0\u00bbnone\u00a0\u00bb top_margin=\u00a0\u00bb20&Prime; bottom_margin=\u00a0\u00bb20&Prime; width=\u00a0\u00bb1\/3&Prime; tablet_text_alignment=\u00a0\u00bbdefault\u00a0\u00bb phone_text_alignment=\u00a0\u00bbdefault\u00a0\u00bb column_border_width=\u00a0\u00bbnone\u00a0\u00bb column_border_style=\u00a0\u00bbsolid\u00a0\u00bb column_link=\u00a0\u00bb..\/applications\/sport-et-exercises\/\u00a0\u00bb][vc_column_text]<img loading=\"lazy\" decoding=\"async\" class=\"aligncenter wp-image-35923\" src=\"https:\/\/www.alexandertechnique.be\/AT\/wp-content\/uploads\/2018\/09\/sport-intro-300x185.jpg\" alt=\"Sport and exercices\" width=\"405\" height=\"250\" srcset=\"https:\/\/www.alexandertechnique.be\/AT\/wp-content\/uploads\/2018\/09\/sport-intro-300x185.jpg 300w, https:\/\/www.alexandertechnique.be\/AT\/wp-content\/uploads\/2018\/09\/sport-intro.jpg 500w\" sizes=\"auto, (max-width: 405px) 100vw, 405px\" \/>[\/vc_column_text][vc_column_text css=\u00a0\u00bb.vc_custom_1553801533276{margin-top: 20px !important;margin-bottom: 20px !important;}\u00a0\u00bb]\n<h3>Sport et exercices<br \/>\nCondition physique<\/h3>\n<p>A tous les niveaus, une activit\u00e9 physique r\u00e9guli\u00e8re n\u00e9cessite une fine coordination et une conscience du corps de nos jours rarement pr\u00e9sentes naturellement. La plupart d&rsquo;entre nous avons besoin d&rsquo;apprendre \u00e0 retrouver ce calme qui permet le flow.[\/vc_column_text][\/vc_column][vc_column column_padding=\u00a0\u00bbpadding-2-percent\u00a0\u00bb column_padding_position=\u00a0\u00bball\u00a0\u00bb background_color=\u00a0\u00bb#ffffff\u00a0\u00bb background_color_opacity=\u00a0\u00bb1&Prime; background_color_hover=\u00a0\u00bb#f9f9f9&Prime; background_hover_color_opacity=\u00a0\u00bb1&Prime; column_shadow=\u00a0\u00bbnone\u00a0\u00bb column_border_radius=\u00a0\u00bbnone\u00a0\u00bb top_margin=\u00a0\u00bb20&Prime; bottom_margin=\u00a0\u00bb20&Prime; width=\u00a0\u00bb1\/3&Prime; tablet_text_alignment=\u00a0\u00bbdefault\u00a0\u00bb phone_text_alignment=\u00a0\u00bbdefault\u00a0\u00bb column_border_width=\u00a0\u00bbnone\u00a0\u00bb column_border_style=\u00a0\u00bbsolid\u00a0\u00bb column_link=\u00a0\u00bb..\/performance-et-mouvement\/\u00a0\u00bb][vc_column_text]<img loading=\"lazy\" decoding=\"async\" class=\"aligncenter wp-image-35934\" src=\"https:\/\/www.alexandertechnique.be\/AT\/wp-content\/uploads\/2018\/09\/PERFOR1-300x185.jpg\" alt=\"Performance\" width=\"405\" height=\"250\" srcset=\"https:\/\/www.alexandertechnique.be\/AT\/wp-content\/uploads\/2018\/09\/PERFOR1-300x185.jpg 300w, https:\/\/www.alexandertechnique.be\/AT\/wp-content\/uploads\/2018\/09\/PERFOR1.jpg 500w\" sizes=\"auto, (max-width: 405px) 100vw, 405px\" \/>[\/vc_column_text][vc_column_text css=\u00a0\u00bb.vc_custom_1553849649670{margin-top: 20px !important;margin-bottom: 20px !important;}\u00a0\u00bb]\n<h3>Performance et Mouvement<\/h3>\n<p>La Technique Alexander a fait ses preuves depuis longue date dans tous les domaines de la performance artistique. L&rsquo;artiste est per\u00e7u comme \u00e9tant lui-m\u00eame son vu comme instrument premier, dans le chant certainement mais aussi avec tout autre instrument.[\/vc_column_text][\/vc_column][\/vc_row][vc_row type=\u00a0\u00bbfull_width_background\u00a0\u00bb full_screen_row_position=\u00a0\u00bbmiddle\u00a0\u00bb bg_image=\u00a0\u00bb37798&Prime; bg_position=\u00a0\u00bbleft top\u00a0\u00bb bg_repeat=\u00a0\u00bbrepeat\u00a0\u00bb parallax_bg=\u00a0\u00bbtrue\u00a0\u00bb parallax_bg_speed=\u00a0\u00bbslow\u00a0\u00bb scene_position=\u00a0\u00bbcenter\u00a0\u00bb text_color=\u00a0\u00bbdark\u00a0\u00bb text_align=\u00a0\u00bbleft\u00a0\u00bb top_padding=\u00a0\u00bb40&Prime; bottom_padding=\u00a0\u00bb60&Prime; overlay_strength=\u00a0\u00bb0.3&Prime; shape_divider_position=\u00a0\u00bbbottom\u00a0\u00bb shape_type=\u00a0\u00bb\u00a0\u00bb][vc_column column_padding=\u00a0\u00bbpadding-2-percent\u00a0\u00bb column_padding_position=\u00a0\u00bball\u00a0\u00bb background_color=\u00a0\u00bb#ffffff\u00a0\u00bb background_color_opacity=\u00a0\u00bb1&Prime; background_color_hover=\u00a0\u00bb#f9f9f9&Prime; background_hover_color_opacity=\u00a0\u00bb1&Prime; column_shadow=\u00a0\u00bbnone\u00a0\u00bb column_border_radius=\u00a0\u00bbnone\u00a0\u00bb top_margin=\u00a0\u00bb20&Prime; bottom_margin=\u00a0\u00bb20&Prime; width=\u00a0\u00bb1\/3&Prime; tablet_text_alignment=\u00a0\u00bbdefault\u00a0\u00bb phone_text_alignment=\u00a0\u00bbdefault\u00a0\u00bb column_border_width=\u00a0\u00bbnone\u00a0\u00bb column_border_style=\u00a0\u00bbsolid\u00a0\u00bb column_link=\u00a0\u00bb..\/applications\/le-potentiel-humain\/\u00a0\u00bb][vc_column_text]<img loading=\"lazy\" decoding=\"async\" class=\"aligncenter size-full wp-image-36016\" src=\"https:\/\/www.alexandertechnique.be\/AT\/wp-content\/uploads\/2018\/09\/introduction-intro.jpg\" alt=\"Alexander Technique - The Human Potential\" width=\"500\" height=\"309\" srcset=\"https:\/\/www.alexandertechnique.be\/AT\/wp-content\/uploads\/2018\/09\/introduction-intro.jpg 500w, https:\/\/www.alexandertechnique.be\/AT\/wp-content\/uploads\/2018\/09\/introduction-intro-300x185.jpg 300w\" sizes=\"auto, (max-width: 500px) 100vw, 500px\" \/>[\/vc_column_text][vc_column_text css=\u00a0\u00bb.vc_custom_1553801673679{margin-top: 20px !important;margin-bottom: 20px !important;}\u00a0\u00bb]\n<h3>Le potentiel humain<br \/>\nLe travail sur soi<\/h3>\n<p>Nous sommes, en tant qu&rsquo;\u00eatres humains, dot\u00e9s d&rsquo;un potentiel d&rsquo;auto-r\u00e9gulation consciente. Apprendre le processus du d\u00e9tachement et<\/p>\n<p>Human beings are born with a potential for consicous self-regulation. Learning detachment and quietness is of the highest value for anybody who wishes to take consciously part in the process of change and constant rediscovery of oneself.[\/vc_column_text][\/vc_column][\/vc_row]\n","protected":false},"excerpt":{"rendered":"<p>[vc_row type=\u00a0\u00bbfull_width_background\u00a0\u00bb full_screen_row_position=\u00a0\u00bbmiddle\u00a0\u00bb bg_image=\u00a0\u00bb37798&Prime; bg_position=\u00a0\u00bbleft top\u00a0\u00bb bg_repeat=\u00a0\u00bbrepeat\u00a0\u00bb parallax_bg=\u00a0\u00bbtrue\u00a0\u00bb parallax_bg_speed=\u00a0\u00bbslow\u00a0\u00bb scene_position=\u00a0\u00bbcenter\u00a0\u00bb text_color=\u00a0\u00bbdark\u00a0\u00bb text_align=\u00a0\u00bbleft\u00a0\u00bb top_padding=\u00a0\u00bb40&Prime; overlay_strength=\u00a0\u00bb0.3&Prime; shape_divider_position=\u00a0\u00bbbottom\u00a0\u00bb shape_type=\u00a0\u00bb\u00a0\u00bb][vc_column column_padding=\u00a0\u00bbno-extra-padding\u00a0\u00bb column_padding_position=\u00a0\u00bball\u00a0\u00bb background_color_opacity=\u00a0\u00bb1&Prime; background_hover_color_opacity=\u00a0\u00bb1&Prime; column_shadow=\u00a0\u00bbnone\u00a0\u00bb column_border_radius=\u00a0\u00bbnone\u00a0\u00bb width=\u00a0\u00bb1\/1&Prime; tablet_text_alignment=\u00a0\u00bbdefault\u00a0\u00bb phone_text_alignment=\u00a0\u00bbdefault\u00a0\u00bb column_border_width=\u00a0\u00bbnone\u00a0\u00bb column_border_style=\u00a0\u00bbsolid\u00a0\u00bb][heading] Applications de la&#8230;<\/p>\n","protected":false},"author":2,"featured_media":0,"parent":0,"menu_order":2,"comment_status":"closed","ping_status":"closed","template":"","meta":{"footnotes":""},"class_list":["post-386","page","type-page","status-publish"],"_links":{"self":[{"href":"https:\/\/www.alexandertechnique.be\/fr\/wp-json\/wp\/v2\/pages\/386","targetHints":{"allow":["GET"]}}],"collection":[{"href":"https:\/\/www.alexandertechnique.be\/fr\/wp-json\/wp\/v2\/pages"}],"about":[{"href":"https:\/\/www.alexandertechnique.be\/fr\/wp-json\/wp\/v2\/types\/page"}],"author":[{"embeddable":true,"href":"https:\/\/www.alexandertechnique.be\/fr\/wp-json\/wp\/v2\/users\/2"}],"replies":[{"embeddable":true,"href":"https:\/\/www.alexandertechnique.be\/fr\/wp-json\/wp\/v2\/comments?post=386"}],"version-history":[{"count":86,"href":"https:\/\/www.alexandertechnique.be\/fr\/wp-json\/wp\/v2\/pages\/386\/revisions"}],"predecessor-version":[{"id":39408,"href":"https:\/\/www.alexandertechnique.be\/fr\/wp-json\/wp\/v2\/pages\/386\/revisions\/39408"}],"wp:attachment":[{"href":"https:\/\/www.alexandertechnique.be\/fr\/wp-json\/wp\/v2\/media?parent=386"}],"curies":[{"name":"wp","href":"https:\/\/api.w.org\/{rel}","templated":true}]}}