{"id":38443,"date":"2018-09-05T16:29:17","date_gmt":"2018-09-05T14:29:17","guid":{"rendered":"https:\/\/www.alexandertechnique.be\/AT\/applications\/loisirs-et-vie-quotidienne\/driving\/"},"modified":"2019-05-01T20:14:00","modified_gmt":"2019-05-01T18:14:00","slug":"la-conduite","status":"publish","type":"page","link":"https:\/\/www.alexandertechnique.be\/fr\/applications\/loisirs-et-vie-quotidienne\/la-conduite\/","title":{"rendered":"La Technique Alexander et la conduite"},"content":{"rendered":"[vc_row type=\u00a0\u00bbin_container\u00a0\u00bb full_screen_row_position=\u00a0\u00bbmiddle\u00a0\u00bb scene_position=\u00a0\u00bbcenter\u00a0\u00bb text_color=\u00a0\u00bbdark\u00a0\u00bb text_align=\u00a0\u00bbcenter\u00a0\u00bb overlay_strength=\u00a0\u00bb0.3&Prime; shape_divider_position=\u00a0\u00bbbottom\u00a0\u00bb shape_type=\u00a0\u00bb\u00a0\u00bb][vc_column column_padding=\u00a0\u00bbno-extra-padding\u00a0\u00bb column_padding_position=\u00a0\u00bball\u00a0\u00bb background_color_opacity=\u00a0\u00bb1&Prime; background_hover_color_opacity=\u00a0\u00bb1&Prime; column_shadow=\u00a0\u00bbnone\u00a0\u00bb column_border_radius=\u00a0\u00bbnone\u00a0\u00bb width=\u00a0\u00bb1\/1&Prime; tablet_text_alignment=\u00a0\u00bbdefault\u00a0\u00bb phone_text_alignment=\u00a0\u00bbdefault\u00a0\u00bb column_border_width=\u00a0\u00bbnone\u00a0\u00bb column_border_style=\u00a0\u00bbsolid\u00a0\u00bb][heading]\n<h2>La Technique Alexander et la conduite<\/h2>\n[\/heading][\/vc_column][\/vc_row][vc_row type=\u00a0\u00bbin_container\u00a0\u00bb full_screen_row_position=\u00a0\u00bbmiddle\u00a0\u00bb scene_position=\u00a0\u00bbcenter\u00a0\u00bb text_color=\u00a0\u00bbdark\u00a0\u00bb text_align=\u00a0\u00bbleft\u00a0\u00bb overlay_strength=\u00a0\u00bb0.3&Prime; shape_divider_position=\u00a0\u00bbbottom\u00a0\u00bb][vc_column column_padding=\u00a0\u00bbno-extra-padding\u00a0\u00bb column_padding_position=\u00a0\u00bball\u00a0\u00bb background_color_opacity=\u00a0\u00bb1&Prime; background_hover_color_opacity=\u00a0\u00bb1&Prime; column_shadow=\u00a0\u00bbnone\u00a0\u00bb column_border_radius=\u00a0\u00bbnone\u00a0\u00bb width=\u00a0\u00bb1\/1&Prime; tablet_text_alignment=\u00a0\u00bbdefault\u00a0\u00bb phone_text_alignment=\u00a0\u00bbdefault\u00a0\u00bb column_border_width=\u00a0\u00bbnone\u00a0\u00bb column_border_style=\u00a0\u00bbsolid\u00a0\u00bb][vc_column_text]Se retrouver derri\u00e8re un volant, que ce soit celui d&rsquo;une voiture ou un autre, est une exp\u00e9rience commune pour la plupart des personnes.<\/p>\n<p>Pourtant, beaucoup de personnes ont difficiles de rester assises derri\u00e8re un volant 2 ou 3 heures d&rsquo;affil\u00e9e.<br \/>\nElles se plaignent vite de maux de cou, de dos ou de tensions dans les jambes.<\/p>\n<p>Souvent, il s&rsquo;agit d&rsquo;une mauvaise mani\u00e8re de se tenir et de tenir le volant.<br \/>\nDe tensions inutiles que l&rsquo;on cr\u00e9e car trop tendus inutilement.<\/p>\n<p>La Technique Alexander peut vous aider \u00e0 vous d\u00e9tendre derri\u00e8re votre volant et \u00e0 prendre conscience de votre position.<\/p>\n<p>Et, plus important peut-\u00eate encore, \u00e0 rester conscient de votre \u00e9tat pour garder un champ de vision large.[\/vc_column_text][\/vc_column][\/vc_row]\n","protected":false},"excerpt":{"rendered":"<p>[vc_row type=\u00a0\u00bbin_container\u00a0\u00bb full_screen_row_position=\u00a0\u00bbmiddle\u00a0\u00bb scene_position=\u00a0\u00bbcenter\u00a0\u00bb text_color=\u00a0\u00bbdark\u00a0\u00bb text_align=\u00a0\u00bbcenter\u00a0\u00bb overlay_strength=\u00a0\u00bb0.3&Prime; shape_divider_position=\u00a0\u00bbbottom\u00a0\u00bb shape_type=\u00a0\u00bb\u00a0\u00bb][vc_column column_padding=\u00a0\u00bbno-extra-padding\u00a0\u00bb column_padding_position=\u00a0\u00bball\u00a0\u00bb background_color_opacity=\u00a0\u00bb1&Prime; background_hover_color_opacity=\u00a0\u00bb1&Prime; column_shadow=\u00a0\u00bbnone\u00a0\u00bb column_border_radius=\u00a0\u00bbnone\u00a0\u00bb width=\u00a0\u00bb1\/1&Prime; tablet_text_alignment=\u00a0\u00bbdefault\u00a0\u00bb phone_text_alignment=\u00a0\u00bbdefault\u00a0\u00bb column_border_width=\u00a0\u00bbnone\u00a0\u00bb column_border_style=\u00a0\u00bbsolid\u00a0\u00bb][heading] La Technique Alexander et la conduite [\/heading][\/vc_column][\/vc_row][vc_row type=\u00a0\u00bbin_container\u00a0\u00bb full_screen_row_position=\u00a0\u00bbmiddle\u00a0\u00bb scene_position=\u00a0\u00bbcenter\u00a0\u00bb&#8230;<\/p>\n","protected":false},"author":2,"featured_media":0,"parent":38033,"menu_order":0,"comment_status":"closed","ping_status":"closed","template":"page-sidebar.php","meta":{"footnotes":""},"class_list":["post-38443","page","type-page","status-publish"],"_links":{"self":[{"href":"https:\/\/www.alexandertechnique.be\/fr\/wp-json\/wp\/v2\/pages\/38443","targetHints":{"allow":["GET"]}}],"collection":[{"href":"https:\/\/www.alexandertechnique.be\/fr\/wp-json\/wp\/v2\/pages"}],"about":[{"href":"https:\/\/www.alexandertechnique.be\/fr\/wp-json\/wp\/v2\/types\/page"}],"author":[{"embeddable":true,"href":"https:\/\/www.alexandertechnique.be\/fr\/wp-json\/wp\/v2\/users\/2"}],"replies":[{"embeddable":true,"href":"https:\/\/www.alexandertechnique.be\/fr\/wp-json\/wp\/v2\/comments?post=38443"}],"version-history":[{"count":4,"href":"https:\/\/www.alexandertechnique.be\/fr\/wp-json\/wp\/v2\/pages\/38443\/revisions"}],"predecessor-version":[{"id":39563,"href":"https:\/\/www.alexandertechnique.be\/fr\/wp-json\/wp\/v2\/pages\/38443\/revisions\/39563"}],"up":[{"embeddable":true,"href":"https:\/\/www.alexandertechnique.be\/fr\/wp-json\/wp\/v2\/pages\/38033"}],"wp:attachment":[{"href":"https:\/\/www.alexandertechnique.be\/fr\/wp-json\/wp\/v2\/media?parent=38443"}],"curies":[{"name":"wp","href":"https:\/\/api.w.org\/{rel}","templated":true}]}}