{"id":370,"date":"2014-05-30T05:04:13","date_gmt":"2014-05-30T03:04:13","guid":{"rendered":"https:\/\/www.alexandertechnique.be\/CM\/la-technique-alexander\/the-alexander-technique-a-brief-account\/"},"modified":"2019-02-09T16:52:40","modified_gmt":"2019-02-09T15:52:40","slug":"bref-historique","status":"publish","type":"page","link":"https:\/\/www.alexandertechnique.be\/fr\/la-technique-alexander\/bref-historique\/","title":{"rendered":"La Technique Alexander \u2013 Bref historique"},"content":{"rendered":"[vc_row type=\u00a0\u00bbin_container\u00a0\u00bb full_screen_row_position=\u00a0\u00bbmiddle\u00a0\u00bb scene_position=\u00a0\u00bbcenter\u00a0\u00bb text_color=\u00a0\u00bbdark\u00a0\u00bb text_align=\u00a0\u00bbcenter\u00a0\u00bb overlay_strength=\u00a0\u00bb0.3&Prime; shape_divider_position=\u00a0\u00bbbottom\u00a0\u00bb shape_type=\u00a0\u00bb\u00a0\u00bb][vc_column column_padding=\u00a0\u00bbno-extra-padding\u00a0\u00bb column_padding_position=\u00a0\u00bball\u00a0\u00bb background_color_opacity=\u00a0\u00bb1&Prime; background_hover_color_opacity=\u00a0\u00bb1&Prime; column_shadow=\u00a0\u00bbnone\u00a0\u00bb column_border_radius=\u00a0\u00bbnone\u00a0\u00bb width=\u00a0\u00bb1\/1&Prime; tablet_text_alignment=\u00a0\u00bbdefault\u00a0\u00bb phone_text_alignment=\u00a0\u00bbdefault\u00a0\u00bb column_border_width=\u00a0\u00bbnone\u00a0\u00bb column_border_style=\u00a0\u00bbsolid\u00a0\u00bb][heading]\n<h2>La Technique Alexander \u2013 bref historique<\/h2>\n[\/heading][\/vc_column][\/vc_row][vc_row type=\u00a0\u00bbin_container\u00a0\u00bb full_screen_row_position=\u00a0\u00bbmiddle\u00a0\u00bb scene_position=\u00a0\u00bbcenter\u00a0\u00bb text_color=\u00a0\u00bbdark\u00a0\u00bb text_align=\u00a0\u00bbleft\u00a0\u00bb overlay_strength=\u00a0\u00bb0.3&Prime; shape_divider_position=\u00a0\u00bbbottom\u00a0\u00bb][vc_column column_padding=\u00a0\u00bbno-extra-padding\u00a0\u00bb column_padding_position=\u00a0\u00bball\u00a0\u00bb background_color_opacity=\u00a0\u00bb1&Prime; background_hover_color_opacity=\u00a0\u00bb1&Prime; column_shadow=\u00a0\u00bbnone\u00a0\u00bb column_border_radius=\u00a0\u00bbnone\u00a0\u00bb width=\u00a0\u00bb1\/1&Prime; tablet_text_alignment=\u00a0\u00bbdefault\u00a0\u00bb phone_text_alignment=\u00a0\u00bbdefault\u00a0\u00bb column_border_width=\u00a0\u00bbnone\u00a0\u00bb column_border_style=\u00a0\u00bbsolid\u00a0\u00bb][vc_column_text]La Technique Alexander est n\u00e9e \u00e0 la fin du XIX\u00e8me si\u00e8cle en Australie des tentatives fructueuses d\u2019un jeune acteur dramatique sur la voie du succ\u00e8s pour surmonter ses tragiques difficult\u00e9s vocales (voir le premier chapitre de l\u2019Usage de Soi o\u00f9 Alexander explique en d\u00e9tail comment il surmonta ses enrouements chroniques et son aphonie sur sc\u00e8ne).<\/p>\n<p>L\u2019am\u00e9lioration de l\u2019usage de l\u2019appareil vocal fut donc la premi\u00e8re application de la Technique par Alexander sur lui-m\u00eame. Il fut d\u2019ailleurs \u00e0 son \u00e9poque surnomm\u00e9 \u00able sp\u00e9cialiste de la respiration\u00bb. Ce recouvrement fut en r\u00e9alit\u00e9 du \u00e0 une am\u00e9lioration de la coordination g\u00e9n\u00e9rale d\u2019Alexander. La respiration n\u2019\u00e9tant qu\u2019une des nombreuses fonctions du corps et une bonne respiration le \u00absympt\u00f4me\u00bb d\u2019un bon \u00e9tat g\u00e9n\u00e9ral.<\/p>\n<p>C\u2019est cette dimension globale de la Technique qui la fit tr\u00e8s vite sortir du milieu \u00e9troit des professionnels de la voix. Il s\u2019av\u00e9ra que la Technique de F. M. Alexander pouvait litt\u00e9ralement venir en aide \u00e0 tout le monde. Son succ\u00e8s le conduisit \u00e0 Londres d\u00e8s 1904, o\u00f9 il continua de d\u00e9velopper sa technique et de la pratiquer jusqu\u2019\u00e0 sa mort en 1955.<\/p>\n<p>Jusqu\u2019en 1930, ann\u00e9e o\u00f9 Alexander accepta de cr\u00e9er une \u00e9cole de formation de professeurs de la Technique Alexander seule une poign\u00e9e de proches avait \u00e9t\u00e9 form\u00e9e par lui de mani\u00e8re informelle. A la mort de Matthias Alexander, Walter Carrington, son directeur de l\u2019\u00e9cole de formation prit la rel\u00e8ve en son nom propre. La seule \u00e9cole qui existait d\u00e9j\u00e0 depuis 1950 \u00e9tait celle du Dr Barlow<strong>\u00a0<\/strong>et de son \u00e9pouse Marjorie, ni\u00e8ce d\u2019Alexander, tous deux form\u00e9s par Alexander.<\/p>\n<p>Puis progressivement d\u2019autres \u00e9coles se sont ouvertes. Elles ont d\u00e9cern\u00e9s jusqu\u2019\u00e0 pr\u00e9sent plus de 3000 dipl\u00f4mes dans le monde, apr\u00e8s une formation continue sp\u00e9cialis\u00e9e d\u2019au moins trois ans, en suivant plus ou moins le mod\u00e8le \u00e9tabli par Alexander et Walter Carrington.<\/p>\n<p>En 1958 fut cr\u00e9\u00e9e \u00e0 Londres la premi\u00e8re association d\u2019enseignants de la Technique Alexander, la Society of Teachers of the Alexander Technique (STAT) par certains des professeurs qu\u2019avait form\u00e9 Alexander. La STAT regroupe aujourd\u2019hui autour d\u2019elle une quinzaine d\u2019Associations r\u00e9parties un peu partout dans le monde qui constituent le r\u00e9seau des Soci\u00e9t\u00e9s Affifil\u00e9es \u00e0 la STAT.<\/p>\n<p>L\u2019association belge,<strong>\u00a0<\/strong>l\u2019AEFMAT<strong>,<\/strong>\u00a0s\u2019y est rattach\u00e9e en 1996. Toutes ces associations reconnaissent entre elles les dipl\u00f4mes que d\u00e9livrent les \u00e9coles de formation dont elles se portent garantes.<\/p>\n<p>Il existe d\u2019autres associations ind\u00e9pendantes qui se sont form\u00e9es ensuites hors de la sph\u00e8re d\u2019influence de la STAT, o\u00f9 les conditions de formation des professeurs peuvent parfois s\u2019\u00e9carter beaucoup de la rigueur du mod\u00e8le traditionnel. Alexander Technique International (ATI)<strong>\u00a0<\/strong>est la plus connue connue et la plus importante de ces associations ult\u00e9rieures.<\/p>\n<p>A Londres, Alexander a compt\u00e9 parmi sa client\u00e8le la plupart des grands noms de la sc\u00e8ne de son \u00e9poque. La Technique Alexander a toujours attir\u00e9 les professionnels de la sc\u00e8ne dont le m\u00e9tier \u00e9prouvant mentalement et physiquement exige une discipline que la Technique Alexander soutient tr\u00e8s bien.<\/p>\n<p>La r\u00e9putation de la Technique Alexander s\u2019est progressivement \u00e9tendue \u00e0 toutes les couches de la population et \u00e0 tous les domaines de l\u2019activit\u00e9 humaine. Elle conna\u00eet un succ\u00e8s grandissant \u00e0 notre \u00e9poque o\u00f9 l\u2019\u00eatre humain r\u00e9alise de plus en plus qu\u2019en dernier ressort, il est le seul ma\u00eetre de sa destin\u00e9e et que l\u2019on ne peut pas compter pour tout sur nos professeurs et nos th\u00e9rapeutes, leurs instructions et leurs m\u00e9dicaments, pourtant si n\u00e9cessaires.<\/p>\n<p>L\u2019\u00e9volution humaine semble telle que le contr\u00f4le conscient que la Technique Alexander s\u2019offre de d\u00e9velopper ou d\u2019am\u00e9liorer s\u2019inscrit exactement dans les besoins actuels de l\u2019individu moderne et de ses descendants. (<a href=\"https:\/\/www.alexandertechnique.be\/AT\/fr\/ressources\/articles-et-conferences\/de-lequilibre-en-tant-quune-fonction-de-lintelligence\/\">voir l\u2019article de\u00a0<strong>Mr Walter Carrington<\/strong><\/a>).[\/vc_column_text][\/vc_column][\/vc_row]\n","protected":false},"excerpt":{"rendered":"<p>[vc_row type=\u00a0\u00bbin_container\u00a0\u00bb full_screen_row_position=\u00a0\u00bbmiddle\u00a0\u00bb scene_position=\u00a0\u00bbcenter\u00a0\u00bb text_color=\u00a0\u00bbdark\u00a0\u00bb text_align=\u00a0\u00bbcenter\u00a0\u00bb overlay_strength=\u00a0\u00bb0.3&Prime; shape_divider_position=\u00a0\u00bbbottom\u00a0\u00bb shape_type=\u00a0\u00bb\u00a0\u00bb][vc_column column_padding=\u00a0\u00bbno-extra-padding\u00a0\u00bb column_padding_position=\u00a0\u00bball\u00a0\u00bb background_color_opacity=\u00a0\u00bb1&Prime; background_hover_color_opacity=\u00a0\u00bb1&Prime; column_shadow=\u00a0\u00bbnone\u00a0\u00bb column_border_radius=\u00a0\u00bbnone\u00a0\u00bb width=\u00a0\u00bb1\/1&Prime; tablet_text_alignment=\u00a0\u00bbdefault\u00a0\u00bb phone_text_alignment=\u00a0\u00bbdefault\u00a0\u00bb column_border_width=\u00a0\u00bbnone\u00a0\u00bb column_border_style=\u00a0\u00bbsolid\u00a0\u00bb][heading] La Technique Alexander \u2013 bref historique [\/heading][\/vc_column][\/vc_row][vc_row type=\u00a0\u00bbin_container\u00a0\u00bb full_screen_row_position=\u00a0\u00bbmiddle\u00a0\u00bb scene_position=\u00a0\u00bbcenter\u00a0\u00bb&#8230;<\/p>\n","protected":false},"author":2,"featured_media":0,"parent":331,"menu_order":3,"comment_status":"closed","ping_status":"closed","template":"page-sidebar.php","meta":{"footnotes":""},"class_list":["post-370","page","type-page","status-publish"],"_links":{"self":[{"href":"https:\/\/www.alexandertechnique.be\/fr\/wp-json\/wp\/v2\/pages\/370","targetHints":{"allow":["GET"]}}],"collection":[{"href":"https:\/\/www.alexandertechnique.be\/fr\/wp-json\/wp\/v2\/pages"}],"about":[{"href":"https:\/\/www.alexandertechnique.be\/fr\/wp-json\/wp\/v2\/types\/page"}],"author":[{"embeddable":true,"href":"https:\/\/www.alexandertechnique.be\/fr\/wp-json\/wp\/v2\/users\/2"}],"replies":[{"embeddable":true,"href":"https:\/\/www.alexandertechnique.be\/fr\/wp-json\/wp\/v2\/comments?post=370"}],"version-history":[{"count":34,"href":"https:\/\/www.alexandertechnique.be\/fr\/wp-json\/wp\/v2\/pages\/370\/revisions"}],"predecessor-version":[{"id":371,"href":"https:\/\/www.alexandertechnique.be\/fr\/wp-json\/wp\/v2\/pages\/370\/revisions\/371"}],"up":[{"embeddable":true,"href":"https:\/\/www.alexandertechnique.be\/fr\/wp-json\/wp\/v2\/pages\/331"}],"wp:attachment":[{"href":"https:\/\/www.alexandertechnique.be\/fr\/wp-json\/wp\/v2\/media?parent=370"}],"curies":[{"name":"wp","href":"https:\/\/api.w.org\/{rel}","templated":true}]}}