{"id":331,"date":"2014-05-30T05:35:27","date_gmt":"2014-05-30T05:35:27","guid":{"rendered":"https:\/\/www.alexandertechnique.be\/CM\/the-alexander-technique-2\/"},"modified":"2024-07-31T10:59:26","modified_gmt":"2024-07-31T08:59:26","slug":"la-technique-alexander","status":"publish","type":"page","link":"https:\/\/www.alexandertechnique.be\/fr\/la-technique-alexander\/","title":{"rendered":"La Technique Alexander"},"content":{"rendered":"[vc_row type=\u00a0\u00bbfull_width_background\u00a0\u00bb full_screen_row_position=\u00a0\u00bbmiddle\u00a0\u00bb bg_image=\u00a0\u00bb37799&Prime; bg_position=\u00a0\u00bbleft top\u00a0\u00bb bg_repeat=\u00a0\u00bbrepeat\u00a0\u00bb parallax_bg=\u00a0\u00bbtrue\u00a0\u00bb parallax_bg_speed=\u00a0\u00bbslow\u00a0\u00bb scene_position=\u00a0\u00bbcenter\u00a0\u00bb text_color=\u00a0\u00bbdark\u00a0\u00bb text_align=\u00a0\u00bbcenter\u00a0\u00bb top_padding=\u00a0\u00bb40&Prime; overlay_strength=\u00a0\u00bb0.3&Prime; shape_divider_position=\u00a0\u00bbbottom\u00a0\u00bb shape_type=\u00a0\u00bb\u00a0\u00bb][vc_column column_padding=\u00a0\u00bbno-extra-padding\u00a0\u00bb column_padding_position=\u00a0\u00bball\u00a0\u00bb background_color_opacity=\u00a0\u00bb1&Prime; background_hover_color_opacity=\u00a0\u00bb1&Prime; column_shadow=\u00a0\u00bbnone\u00a0\u00bb column_border_radius=\u00a0\u00bbnone\u00a0\u00bb width=\u00a0\u00bb1\/1&Prime; tablet_text_alignment=\u00a0\u00bbdefault\u00a0\u00bb phone_text_alignment=\u00a0\u00bbdefault\u00a0\u00bb column_border_width=\u00a0\u00bbnone\u00a0\u00bb column_border_style=\u00a0\u00bbsolid\u00a0\u00bb][heading]\n<h1 class=\"entry-title\">La Technique Alexander<\/h1>\n[\/heading][\/vc_column][\/vc_row][vc_row type=\u00a0\u00bbfull_width_background\u00a0\u00bb full_screen_row_position=\u00a0\u00bbmiddle\u00a0\u00bb equal_height=\u00a0\u00bbyes\u00a0\u00bb bg_image=\u00a0\u00bb37799&Prime; bg_position=\u00a0\u00bbleft top\u00a0\u00bb bg_repeat=\u00a0\u00bbrepeat\u00a0\u00bb parallax_bg=\u00a0\u00bbtrue\u00a0\u00bb parallax_bg_speed=\u00a0\u00bbslow\u00a0\u00bb scene_position=\u00a0\u00bbcenter\u00a0\u00bb text_color=\u00a0\u00bbdark\u00a0\u00bb text_align=\u00a0\u00bbleft\u00a0\u00bb overlay_strength=\u00a0\u00bb0.3&Prime; shape_divider_position=\u00a0\u00bbbottom\u00a0\u00bb shape_type=\u00a0\u00bb\u00a0\u00bb][vc_column column_padding=\u00a0\u00bbpadding-2-percent\u00a0\u00bb column_padding_position=\u00a0\u00bball\u00a0\u00bb background_color=\u00a0\u00bb#ffffff\u00a0\u00bb background_color_opacity=\u00a0\u00bb1&Prime; background_color_hover=\u00a0\u00bb#f9f9f9&Prime; background_hover_color_opacity=\u00a0\u00bb1&Prime; column_shadow=\u00a0\u00bbnone\u00a0\u00bb column_border_radius=\u00a0\u00bbnone\u00a0\u00bb top_margin=\u00a0\u00bb20&Prime; bottom_margin=\u00a0\u00bb20&Prime; width=\u00a0\u00bb1\/3&Prime; tablet_text_alignment=\u00a0\u00bbdefault\u00a0\u00bb phone_text_alignment=\u00a0\u00bbdefault\u00a0\u00bb column_border_width=\u00a0\u00bbnone\u00a0\u00bb column_border_style=\u00a0\u00bbsolid\u00a0\u00bb column_link=\u00a0\u00bbhttps:\/\/www.alexandertechnique.be\/fr\/la-technique-alexander\/pour-qui\/\u00a0\u00bb][vc_column_text]<img loading=\"lazy\" decoding=\"async\" class=\"aligncenter size-full wp-image-37217\" src=\"https:\/\/www.alexandertechnique.be\/AT\/wp-content\/uploads\/2018\/10\/for-whom-page-1.jpg\" alt=\"Alexander Technique -for-whom\" width=\"400\" height=\"250\" srcset=\"https:\/\/www.alexandertechnique.be\/AT\/wp-content\/uploads\/2018\/10\/for-whom-page-1.jpg 400w, https:\/\/www.alexandertechnique.be\/AT\/wp-content\/uploads\/2018\/10\/for-whom-page-1-300x188.jpg 300w\" sizes=\"auto, (max-width: 400px) 100vw, 400px\" \/>[\/vc_column_text][vc_column_text css=\u00a0\u00bb.vc_custom_1553775237393{margin-top: 20px !important;margin-bottom: 20px !important;}\u00a0\u00bb]\n<h3><strong>Pour qui ?<\/strong><\/h3>\n<p>Que vous d\u00e9siriez un meilleur contr\u00f4le de vous-m\u00eames en mouvement, am\u00e9liorer vos comp\u00e9tences ou en apprendre de nouvelles, ou encore g\u00e9rer douleur et stress, la Technique Alexander vous guide sur le chemin s\u00fbr de la r\u00e9action et de la correction consciente.[\/vc_column_text][\/vc_column][vc_column column_padding=\u00a0\u00bbpadding-2-percent\u00a0\u00bb column_padding_position=\u00a0\u00bball\u00a0\u00bb background_color=\u00a0\u00bb#ffffff\u00a0\u00bb background_color_opacity=\u00a0\u00bb1&Prime; background_color_hover=\u00a0\u00bb#f9f9f9&Prime; background_hover_color_opacity=\u00a0\u00bb1&Prime; column_shadow=\u00a0\u00bbnone\u00a0\u00bb column_border_radius=\u00a0\u00bbnone\u00a0\u00bb top_margin=\u00a0\u00bb20&Prime; bottom_margin=\u00a0\u00bb20&Prime; width=\u00a0\u00bb1\/3&Prime; tablet_text_alignment=\u00a0\u00bbdefault\u00a0\u00bb phone_text_alignment=\u00a0\u00bbdefault\u00a0\u00bb column_border_width=\u00a0\u00bbnone\u00a0\u00bb column_border_style=\u00a0\u00bbsolid\u00a0\u00bb column_link=\u00a0\u00bbhttps:\/\/www.alexandertechnique.be\/fr\/la-technique-alexander\/principes\/\u00a0\u00bb][vc_column_text]<img loading=\"lazy\" decoding=\"async\" class=\"aligncenter size-full wp-image-37212\" src=\"https:\/\/www.alexandertechnique.be\/AT\/wp-content\/uploads\/2018\/10\/principles-page-2.jpg\" alt=\"Alexander Technique - principles\" width=\"400\" height=\"250\" srcset=\"https:\/\/www.alexandertechnique.be\/AT\/wp-content\/uploads\/2018\/10\/principles-page-2.jpg 400w, https:\/\/www.alexandertechnique.be\/AT\/wp-content\/uploads\/2018\/10\/principles-page-2-300x188.jpg 300w\" sizes=\"auto, (max-width: 400px) 100vw, 400px\" \/>[\/vc_column_text][vc_column_text css=\u00a0\u00bb.vc_custom_1553775435762{margin-top: 20px !important;margin-bottom: 20px !important;}\u00a0\u00bb]\n<h3><strong>Principes<\/strong><\/h3>\n<p>Tout \u00eatre humain a potentiellement acc\u00e8s \u00e0 l&rsquo;am\u00e9lioration et \u00e0 l&rsquo;auto-r\u00e9gulation de soi. Unit\u00e9 de soi &#8211; l&rsquo;usage influence la fonction &#8211; perceptions non fiables &#8211; inhibition et directions conscientes\u00a0 &#8211; non-interf\u00e9rence et acceptation: voici quelques notions que nous allons explorer ensemble dans la pratique.[\/vc_column_text][\/vc_column][vc_column column_padding=\u00a0\u00bbpadding-2-percent\u00a0\u00bb column_padding_position=\u00a0\u00bball\u00a0\u00bb background_color=\u00a0\u00bb#ffffff\u00a0\u00bb background_color_opacity=\u00a0\u00bb1&Prime; background_color_hover=\u00a0\u00bb#f9f9f9&Prime; background_hover_color_opacity=\u00a0\u00bb1&Prime; column_shadow=\u00a0\u00bbnone\u00a0\u00bb column_border_radius=\u00a0\u00bbnone\u00a0\u00bb top_margin=\u00a0\u00bb20&Prime; bottom_margin=\u00a0\u00bb20&Prime; width=\u00a0\u00bb1\/3&Prime; tablet_text_alignment=\u00a0\u00bbdefault\u00a0\u00bb phone_text_alignment=\u00a0\u00bbdefault\u00a0\u00bb column_border_width=\u00a0\u00bbnone\u00a0\u00bb column_border_style=\u00a0\u00bbsolid\u00a0\u00bb column_link=\u00a0\u00bbhttps:\/\/www.alexandertechnique.be\/fr\/la-technique-alexander\/en-pratique\/\u00a0\u00bb][vc_column_text]<img loading=\"lazy\" decoding=\"async\" class=\"size-full wp-image-37225 aligncenter\" src=\"https:\/\/www.alexandertechnique.be\/AT\/wp-content\/uploads\/2018\/10\/a-lesson-page-2.jpg\" alt=\"Alexander Technique - a lesson\" width=\"400\" height=\"250\" srcset=\"https:\/\/www.alexandertechnique.be\/AT\/wp-content\/uploads\/2018\/10\/a-lesson-page-2.jpg 400w, https:\/\/www.alexandertechnique.be\/AT\/wp-content\/uploads\/2018\/10\/a-lesson-page-2-300x188.jpg 300w\" sizes=\"auto, (max-width: 400px) 100vw, 400px\" \/>[\/vc_column_text][vc_column_text css=\u00a0\u00bb.vc_custom_1553776621466{margin-top: 20px !important;margin-bottom: 20px !important;}\u00a0\u00bb]\n<h3>Une s\u00e9ance Alexander<\/h3>\n<p>Je vous guiderai dans des mouvements et des perceptions nouvelles qui vous aideront \u00e0 devenir plus conscient(e)s, afin de mieux vous lib\u00e9rer de vos sch\u00e9mas habituels de mouvement, de pens\u00e9e et de r\u00e9action, et participer activement \u00e0 votre processus de changement.[\/vc_column_text][\/vc_column][\/vc_row][vc_row type=\u00a0\u00bbfull_width_background\u00a0\u00bb full_screen_row_position=\u00a0\u00bbmiddle\u00a0\u00bb equal_height=\u00a0\u00bbyes\u00a0\u00bb bg_image=\u00a0\u00bb37799&Prime; bg_position=\u00a0\u00bbleft top\u00a0\u00bb bg_repeat=\u00a0\u00bbrepeat\u00a0\u00bb parallax_bg=\u00a0\u00bbtrue\u00a0\u00bb parallax_bg_speed=\u00a0\u00bbslow\u00a0\u00bb scene_position=\u00a0\u00bbcenter\u00a0\u00bb text_color=\u00a0\u00bbdark\u00a0\u00bb text_align=\u00a0\u00bbleft\u00a0\u00bb bottom_padding=\u00a0\u00bb60&Prime; overlay_strength=\u00a0\u00bb0.3&Prime; shape_divider_position=\u00a0\u00bbbottom\u00a0\u00bb shape_type=\u00a0\u00bb\u00a0\u00bb][vc_column column_padding=\u00a0\u00bbpadding-2-percent\u00a0\u00bb column_padding_position=\u00a0\u00bball\u00a0\u00bb background_color=\u00a0\u00bb#ffffff\u00a0\u00bb background_color_opacity=\u00a0\u00bb1&Prime; background_color_hover=\u00a0\u00bb#f9f9f9&Prime; background_hover_color_opacity=\u00a0\u00bb1&Prime; column_shadow=\u00a0\u00bbnone\u00a0\u00bb column_border_radius=\u00a0\u00bbnone\u00a0\u00bb top_margin=\u00a0\u00bb20&Prime; bottom_margin=\u00a0\u00bb20&Prime; width=\u00a0\u00bb1\/3&Prime; tablet_text_alignment=\u00a0\u00bbdefault\u00a0\u00bb phone_text_alignment=\u00a0\u00bbdefault\u00a0\u00bb column_border_width=\u00a0\u00bbnone\u00a0\u00bb column_border_style=\u00a0\u00bbsolid\u00a0\u00bb column_link=\u00a0\u00bbhttps:\/\/www.alexandertechnique.be\/fr\/la-technique-alexander\/bref-historique\/\u00a0\u00bb][vc_column_text]<img loading=\"lazy\" decoding=\"async\" class=\"aligncenter wp-image-35731\" src=\"https:\/\/www.alexandertechnique.be\/AT\/wp-content\/uploads\/2018\/09\/Alexander-Technique-History-300x185.jpg\" alt=\"The Alexander Technique \u2013 A brief account\" width=\"405\" height=\"250\" srcset=\"https:\/\/www.alexandertechnique.be\/AT\/wp-content\/uploads\/2018\/09\/Alexander-Technique-History-300x185.jpg 300w, https:\/\/www.alexandertechnique.be\/AT\/wp-content\/uploads\/2018\/09\/Alexander-Technique-History-768x474.jpg 768w, https:\/\/www.alexandertechnique.be\/AT\/wp-content\/uploads\/2018\/09\/Alexander-Technique-History-1024x632.jpg 1024w, https:\/\/www.alexandertechnique.be\/AT\/wp-content\/uploads\/2018\/09\/Alexander-Technique-History-600x370.jpg 600w\" sizes=\"auto, (max-width: 405px) 100vw, 405px\" \/>[\/vc_column_text][vc_column_text css=\u00a0\u00bb.vc_custom_1553776230646{margin-top: 20px !important;margin-bottom: 20px !important;}\u00a0\u00bb]\n<h3>Historique<\/h3>\n<p>F.M. Alexander a d\u00e9velopp\u00e9 sa technique \u00e0 la fin du XIX\u00e8me si\u00e8cle et est un pionnier du champ de l&rsquo;Education Somatique. La Technique Alexander est encore plus \u00e0 l&rsquo;ordre du du jour aujourd&rsquo;hui dans un monde en profonde mutation ou la conscience individuelle est une n\u00e9cessit\u00e9.[\/vc_column_text][\/vc_column][vc_column column_padding=\u00a0\u00bbpadding-2-percent\u00a0\u00bb column_padding_position=\u00a0\u00bball\u00a0\u00bb background_color=\u00a0\u00bb#ffffff\u00a0\u00bb background_color_opacity=\u00a0\u00bb1&Prime; background_color_hover=\u00a0\u00bb#f9f9f9&Prime; background_hover_color_opacity=\u00a0\u00bb1&Prime; column_shadow=\u00a0\u00bbnone\u00a0\u00bb column_border_radius=\u00a0\u00bbnone\u00a0\u00bb top_margin=\u00a0\u00bb20&Prime; bottom_margin=\u00a0\u00bb20&Prime; width=\u00a0\u00bb1\/3&Prime; tablet_text_alignment=\u00a0\u00bbdefault\u00a0\u00bb phone_text_alignment=\u00a0\u00bbdefault\u00a0\u00bb column_border_width=\u00a0\u00bbnone\u00a0\u00bb column_border_style=\u00a0\u00bbsolid\u00a0\u00bb column_link=\u00a0\u00bbhttps:\/\/www.alexandertechnique.be\/fr\/la-technique-alexander\/temoignages-sur-la-technique-alexander\/\u00a0\u00bb][vc_column_text]<img loading=\"lazy\" decoding=\"async\" class=\"aligncenter wp-image-35734\" src=\"https:\/\/www.alexandertechnique.be\/AT\/wp-content\/uploads\/2018\/09\/Alexander-Technique-Testimonials-300x185.jpg\" alt=\"Alexander Technique Testimonials\" width=\"405\" height=\"250\" srcset=\"https:\/\/www.alexandertechnique.be\/AT\/wp-content\/uploads\/2018\/09\/Alexander-Technique-Testimonials-300x185.jpg 300w, https:\/\/www.alexandertechnique.be\/AT\/wp-content\/uploads\/2018\/09\/Alexander-Technique-Testimonials-768x474.jpg 768w, https:\/\/www.alexandertechnique.be\/AT\/wp-content\/uploads\/2018\/09\/Alexander-Technique-Testimonials-1024x632.jpg 1024w, https:\/\/www.alexandertechnique.be\/AT\/wp-content\/uploads\/2018\/09\/Alexander-Technique-Testimonials-600x370.jpg 600w\" sizes=\"auto, (max-width: 405px) 100vw, 405px\" \/>[\/vc_column_text][vc_column_text css=\u00a0\u00bb.vc_custom_1553800829929{margin-top: 20px !important;margin-bottom: 20px !important;}\u00a0\u00bb]\n<h3><strong>T\u00e9moignages<\/strong><\/h3>\n<p><strong><span style=\"font-family: Arial; font-size: small;\"><em>La Technique Alexander a la m\u00eame relation \u00e0 l&rsquo;\u00e9ducation que celle de l&rsquo;\u00e9ducation \u00e0 toute autre activit\u00e9 humaine\u00a0(<\/em><\/span><span style=\"font-family: Arial; font-size: small;\">John Dewey)<\/span><\/strong><span style=\"font-family: Arial; font-size: small;\"><em>. <\/em>Une perception fiable est un pr\u00e9requis \u00e0 toute action consciente si nous voulons \u00e9viter la r\u00e9p\u00e9tition st\u00e9rile de soi.<\/span>[\/vc_column_text][\/vc_column][\/vc_row]\n","protected":false},"excerpt":{"rendered":"<p>[vc_row type=\u00a0\u00bbfull_width_background\u00a0\u00bb full_screen_row_position=\u00a0\u00bbmiddle\u00a0\u00bb bg_image=\u00a0\u00bb37799&Prime; bg_position=\u00a0\u00bbleft top\u00a0\u00bb bg_repeat=\u00a0\u00bbrepeat\u00a0\u00bb parallax_bg=\u00a0\u00bbtrue\u00a0\u00bb parallax_bg_speed=\u00a0\u00bbslow\u00a0\u00bb scene_position=\u00a0\u00bbcenter\u00a0\u00bb text_color=\u00a0\u00bbdark\u00a0\u00bb text_align=\u00a0\u00bbcenter\u00a0\u00bb top_padding=\u00a0\u00bb40&Prime; overlay_strength=\u00a0\u00bb0.3&Prime; shape_divider_position=\u00a0\u00bbbottom\u00a0\u00bb shape_type=\u00a0\u00bb\u00a0\u00bb][vc_column column_padding=\u00a0\u00bbno-extra-padding\u00a0\u00bb column_padding_position=\u00a0\u00bball\u00a0\u00bb background_color_opacity=\u00a0\u00bb1&Prime; background_hover_color_opacity=\u00a0\u00bb1&Prime; column_shadow=\u00a0\u00bbnone\u00a0\u00bb column_border_radius=\u00a0\u00bbnone\u00a0\u00bb width=\u00a0\u00bb1\/1&Prime; tablet_text_alignment=\u00a0\u00bbdefault\u00a0\u00bb phone_text_alignment=\u00a0\u00bbdefault\u00a0\u00bb column_border_width=\u00a0\u00bbnone\u00a0\u00bb column_border_style=\u00a0\u00bbsolid\u00a0\u00bb][heading] La Technique Alexander&#8230;<\/p>\n","protected":false},"author":2,"featured_media":0,"parent":0,"menu_order":1,"comment_status":"closed","ping_status":"closed","template":"","meta":{"footnotes":""},"class_list":["post-331","page","type-page","status-publish"],"_links":{"self":[{"href":"https:\/\/www.alexandertechnique.be\/fr\/wp-json\/wp\/v2\/pages\/331","targetHints":{"allow":["GET"]}}],"collection":[{"href":"https:\/\/www.alexandertechnique.be\/fr\/wp-json\/wp\/v2\/pages"}],"about":[{"href":"https:\/\/www.alexandertechnique.be\/fr\/wp-json\/wp\/v2\/types\/page"}],"author":[{"embeddable":true,"href":"https:\/\/www.alexandertechnique.be\/fr\/wp-json\/wp\/v2\/users\/2"}],"replies":[{"embeddable":true,"href":"https:\/\/www.alexandertechnique.be\/fr\/wp-json\/wp\/v2\/comments?post=331"}],"version-history":[{"count":88,"href":"https:\/\/www.alexandertechnique.be\/fr\/wp-json\/wp\/v2\/pages\/331\/revisions"}],"predecessor-version":[{"id":40378,"href":"https:\/\/www.alexandertechnique.be\/fr\/wp-json\/wp\/v2\/pages\/331\/revisions\/40378"}],"wp:attachment":[{"href":"https:\/\/www.alexandertechnique.be\/fr\/wp-json\/wp\/v2\/media?parent=331"}],"curies":[{"name":"wp","href":"https:\/\/api.w.org\/{rel}","templated":true}]}}