{"id":31728,"date":"2014-08-29T21:27:52","date_gmt":"2014-08-29T19:27:52","guid":{"rendered":"https:\/\/www.alexandertechnique.be\/CM\/writings-on-the-alexander-technique-2\/"},"modified":"2019-12-28T14:04:41","modified_gmt":"2019-12-28T13:04:41","slug":"bibliographie","status":"publish","type":"page","link":"https:\/\/www.alexandertechnique.be\/fr\/bibliographie\/","title":{"rendered":"La Technique Alexander &#8211; Bibliographie"},"content":{"rendered":"[vc_row type=\u00a0\u00bbfull_width_background\u00a0\u00bb full_screen_row_position=\u00a0\u00bbmiddle\u00a0\u00bb bg_image=\u00a0\u00bb37798&Prime; bg_position=\u00a0\u00bbleft top\u00a0\u00bb bg_repeat=\u00a0\u00bbrepeat\u00a0\u00bb parallax_bg=\u00a0\u00bbtrue\u00a0\u00bb parallax_bg_speed=\u00a0\u00bbslow\u00a0\u00bb scene_position=\u00a0\u00bbcenter\u00a0\u00bb text_color=\u00a0\u00bbdark\u00a0\u00bb text_align=\u00a0\u00bbleft\u00a0\u00bb top_padding=\u00a0\u00bb40&Prime; color_overlay=\u00a0\u00bb#efe2da\u00a0\u00bb overlay_strength=\u00a0\u00bb0.3&Prime; shape_divider_position=\u00a0\u00bbbottom\u00a0\u00bb shape_type=\u00a0\u00bb\u00a0\u00bb][vc_column column_padding=\u00a0\u00bbno-extra-padding\u00a0\u00bb column_padding_position=\u00a0\u00bball\u00a0\u00bb background_color_opacity=\u00a0\u00bb1&Prime; background_hover_color_opacity=\u00a0\u00bb1&Prime; column_shadow=\u00a0\u00bbnone\u00a0\u00bb column_border_radius=\u00a0\u00bbnone\u00a0\u00bb width=\u00a0\u00bb1\/1&Prime; tablet_text_alignment=\u00a0\u00bbdefault\u00a0\u00bb phone_text_alignment=\u00a0\u00bbdefault\u00a0\u00bb column_border_width=\u00a0\u00bbnone\u00a0\u00bb column_border_style=\u00a0\u00bbsolid\u00a0\u00bb][heading]\n<h1>Bibliographie<\/h1>\n[\/heading][\/vc_column][\/vc_row][vc_row type=\u00a0\u00bbfull_width_background\u00a0\u00bb full_screen_row_position=\u00a0\u00bbmiddle\u00a0\u00bb equal_height=\u00a0\u00bbyes\u00a0\u00bb bg_image=\u00a0\u00bb37798&Prime; bg_position=\u00a0\u00bbleft top\u00a0\u00bb bg_repeat=\u00a0\u00bbrepeat\u00a0\u00bb parallax_bg=\u00a0\u00bbtrue\u00a0\u00bb parallax_bg_speed=\u00a0\u00bbslow\u00a0\u00bb scene_position=\u00a0\u00bbcenter\u00a0\u00bb text_color=\u00a0\u00bbdark\u00a0\u00bb text_align=\u00a0\u00bbleft\u00a0\u00bb bottom_padding=\u00a0\u00bb60&Prime; overlay_strength=\u00a0\u00bb0.3&Prime; shape_divider_position=\u00a0\u00bbbottom\u00a0\u00bb shape_type=\u00a0\u00bb\u00a0\u00bb][vc_column column_padding=\u00a0\u00bbpadding-2-percent\u00a0\u00bb column_padding_position=\u00a0\u00bball\u00a0\u00bb background_color=\u00a0\u00bb#ffffff\u00a0\u00bb background_color_opacity=\u00a0\u00bb1&Prime; background_color_hover=\u00a0\u00bb#f9f9f9&Prime; background_hover_color_opacity=\u00a0\u00bb1&Prime; column_shadow=\u00a0\u00bbnone\u00a0\u00bb column_border_radius=\u00a0\u00bbnone\u00a0\u00bb top_margin=\u00a0\u00bb20&Prime; bottom_margin=\u00a0\u00bb20&Prime; width=\u00a0\u00bb1\/3&Prime; tablet_text_alignment=\u00a0\u00bbdefault\u00a0\u00bb phone_text_alignment=\u00a0\u00bbdefault\u00a0\u00bb column_border_width=\u00a0\u00bbnone\u00a0\u00bb column_border_style=\u00a0\u00bbsolid\u00a0\u00bb column_link=\u00a0\u00bb..\/bibliography\/books-by-f-m-alexander\/\u00a0\u00bb][vc_column_text]<img loading=\"lazy\" decoding=\"async\" class=\"aligncenter wp-image-36835\" src=\"https:\/\/www.alexandertechnique.be\/AT\/wp-content\/uploads\/2018\/10\/books-FMA-vignet-300x185.jpg\" alt=\"Frederick Matthias Alexander writings\" width=\"405\" height=\"250\" srcset=\"https:\/\/www.alexandertechnique.be\/AT\/wp-content\/uploads\/2018\/10\/books-FMA-vignet-300x185.jpg 300w, https:\/\/www.alexandertechnique.be\/AT\/wp-content\/uploads\/2018\/10\/books-FMA-vignet.jpg 486w\" sizes=\"auto, (max-width: 405px) 100vw, 405px\" \/>[\/vc_column_text][vc_column_text css=\u00a0\u00bb.vc_custom_1577538159222{margin-top: 20px !important;margin-bottom: 20px !important;}\u00a0\u00bb el_class=\u00a0\u00bbvignette\u00a0\u00bb]\n<h3>Les livres de<br \/>\nFrederick Matthias Alexander<\/h3>\n<p>Alexander a \u00e9crit quatre livres, en plus de ses nombreuses lettres et articles. Ses livres sont toujours d&rsquo;actualit\u00e9, ses conceptions restent r\u00e9volutionnaires et ses proc\u00e9dures plus n\u00e9cessaires que jamais.[\/vc_column_text][\/vc_column][vc_column column_padding=\u00a0\u00bbpadding-2-percent\u00a0\u00bb column_padding_position=\u00a0\u00bball\u00a0\u00bb background_color=\u00a0\u00bb#ffffff\u00a0\u00bb background_color_opacity=\u00a0\u00bb1&Prime; background_color_hover=\u00a0\u00bb#f9f9f9&Prime; background_hover_color_opacity=\u00a0\u00bb1&Prime; column_shadow=\u00a0\u00bbnone\u00a0\u00bb column_border_radius=\u00a0\u00bbnone\u00a0\u00bb top_margin=\u00a0\u00bb20&Prime; bottom_margin=\u00a0\u00bb20&Prime; width=\u00a0\u00bb1\/3&Prime; tablet_text_alignment=\u00a0\u00bbdefault\u00a0\u00bb phone_text_alignment=\u00a0\u00bbdefault\u00a0\u00bb column_border_width=\u00a0\u00bbnone\u00a0\u00bb column_border_style=\u00a0\u00bbsolid\u00a0\u00bb column_link=\u00a0\u00bb..\/bibliography\/books\/\u00a0\u00bb][vc_column_text]<img loading=\"lazy\" decoding=\"async\" class=\"aligncenter wp-image-36840\" src=\"https:\/\/www.alexandertechnique.be\/AT\/wp-content\/uploads\/2018\/10\/books-on-AT-vignet-300x185.jpg\" alt=\"Books on the Alexander Technique\" width=\"405\" height=\"250\" srcset=\"https:\/\/www.alexandertechnique.be\/AT\/wp-content\/uploads\/2018\/10\/books-on-AT-vignet-300x185.jpg 300w, https:\/\/www.alexandertechnique.be\/AT\/wp-content\/uploads\/2018\/10\/books-on-AT-vignet.jpg 486w\" sizes=\"auto, (max-width: 405px) 100vw, 405px\" \/>[\/vc_column_text][vc_column_text css=\u00a0\u00bb.vc_custom_1577538198305{margin-top: 20px !important;margin-bottom: 20px !important;}\u00a0\u00bb el_class=\u00a0\u00bbvignette\u00a0\u00bb]\n<h3>Livres en fran\u00e7ais<br \/>\nsur la Technique Alexander<\/h3>\n<p>Voici une liste de livres en fran\u00e7ais sur la Technique Alexander. Liste r\u00e9duite compar\u00e9e aux centaines de livres publi\u00e9s en angais sur les diff\u00e9rents domaine d&rsquo;application de la Technique Alexander.[\/vc_column_text][\/vc_column][vc_column column_padding=\u00a0\u00bbpadding-2-percent\u00a0\u00bb column_padding_position=\u00a0\u00bball\u00a0\u00bb background_color=\u00a0\u00bb#ffffff\u00a0\u00bb background_color_opacity=\u00a0\u00bb1&Prime; background_color_hover=\u00a0\u00bb#f9f9f9&Prime; background_hover_color_opacity=\u00a0\u00bb1&Prime; column_shadow=\u00a0\u00bbnone\u00a0\u00bb column_border_radius=\u00a0\u00bbnone\u00a0\u00bb top_margin=\u00a0\u00bb20&Prime; bottom_margin=\u00a0\u00bb20&Prime; width=\u00a0\u00bb1\/3&Prime; tablet_text_alignment=\u00a0\u00bbdefault\u00a0\u00bb phone_text_alignment=\u00a0\u00bbdefault\u00a0\u00bb column_border_width=\u00a0\u00bbnone\u00a0\u00bb column_border_style=\u00a0\u00bbsolid\u00a0\u00bb column_link=\u00a0\u00bb..\/publishers-of-books-on-the-alexander-technique\/\u00a0\u00bb][vc_column_text]<img loading=\"lazy\" decoding=\"async\" class=\"aligncenter wp-image-36845\" src=\"https:\/\/www.alexandertechnique.be\/AT\/wp-content\/uploads\/2018\/10\/publishers-vignet-300x185.jpg\" alt=\"Publishers of books on the Alexander Technique\" width=\"405\" height=\"250\" srcset=\"https:\/\/www.alexandertechnique.be\/AT\/wp-content\/uploads\/2018\/10\/publishers-vignet-300x185.jpg 300w, https:\/\/www.alexandertechnique.be\/AT\/wp-content\/uploads\/2018\/10\/publishers-vignet.jpg 486w\" sizes=\"auto, (max-width: 405px) 100vw, 405px\" \/>[\/vc_column_text][vc_column_text css=\u00a0\u00bb.vc_custom_1577538274845{margin-top: 20px !important;margin-bottom: 20px !important;}\u00a0\u00bb el_class=\u00a0\u00bbvignette\u00a0\u00bb]\n<h3>Editeurs de livres<br \/>\nsur la\u00a0 Technique Alexander<\/h3>\n<p>Vous trouverez ici une petite liste de ces \u00eatres courageux\u00a0 sp\u00e9cialis\u00e9s dans l&rsquo;\u00e9dition de\u00a0 livres sur la Technique Alexander. Je les remercie\u00a0 et leur souhaite succ\u00e8s et inspiration.[\/vc_column_text][\/vc_column][\/vc_row]\n","protected":false},"excerpt":{"rendered":"<p>[vc_row type=\u00a0\u00bbfull_width_background\u00a0\u00bb full_screen_row_position=\u00a0\u00bbmiddle\u00a0\u00bb bg_image=\u00a0\u00bb37798&Prime; bg_position=\u00a0\u00bbleft top\u00a0\u00bb bg_repeat=\u00a0\u00bbrepeat\u00a0\u00bb parallax_bg=\u00a0\u00bbtrue\u00a0\u00bb parallax_bg_speed=\u00a0\u00bbslow\u00a0\u00bb scene_position=\u00a0\u00bbcenter\u00a0\u00bb text_color=\u00a0\u00bbdark\u00a0\u00bb text_align=\u00a0\u00bbleft\u00a0\u00bb top_padding=\u00a0\u00bb40&Prime; color_overlay=\u00a0\u00bb#efe2da\u00a0\u00bb overlay_strength=\u00a0\u00bb0.3&Prime; shape_divider_position=\u00a0\u00bbbottom\u00a0\u00bb shape_type=\u00a0\u00bb\u00a0\u00bb][vc_column column_padding=\u00a0\u00bbno-extra-padding\u00a0\u00bb column_padding_position=\u00a0\u00bball\u00a0\u00bb background_color_opacity=\u00a0\u00bb1&Prime; background_hover_color_opacity=\u00a0\u00bb1&Prime; column_shadow=\u00a0\u00bbnone\u00a0\u00bb column_border_radius=\u00a0\u00bbnone\u00a0\u00bb width=\u00a0\u00bb1\/1&Prime; tablet_text_alignment=\u00a0\u00bbdefault\u00a0\u00bb phone_text_alignment=\u00a0\u00bbdefault\u00a0\u00bb column_border_width=\u00a0\u00bbnone\u00a0\u00bb column_border_style=\u00a0\u00bbsolid\u00a0\u00bb][heading] Bibliographie [\/heading][\/vc_column][\/vc_row][vc_row&#8230;<\/p>\n","protected":false},"author":2,"featured_media":0,"parent":0,"menu_order":4,"comment_status":"closed","ping_status":"closed","template":"","meta":{"footnotes":""},"class_list":["post-31728","page","type-page","status-publish"],"_links":{"self":[{"href":"https:\/\/www.alexandertechnique.be\/fr\/wp-json\/wp\/v2\/pages\/31728","targetHints":{"allow":["GET"]}}],"collection":[{"href":"https:\/\/www.alexandertechnique.be\/fr\/wp-json\/wp\/v2\/pages"}],"about":[{"href":"https:\/\/www.alexandertechnique.be\/fr\/wp-json\/wp\/v2\/types\/page"}],"author":[{"embeddable":true,"href":"https:\/\/www.alexandertechnique.be\/fr\/wp-json\/wp\/v2\/users\/2"}],"replies":[{"embeddable":true,"href":"https:\/\/www.alexandertechnique.be\/fr\/wp-json\/wp\/v2\/comments?post=31728"}],"version-history":[{"count":71,"href":"https:\/\/www.alexandertechnique.be\/fr\/wp-json\/wp\/v2\/pages\/31728\/revisions"}],"predecessor-version":[{"id":39803,"href":"https:\/\/www.alexandertechnique.be\/fr\/wp-json\/wp\/v2\/pages\/31728\/revisions\/39803"}],"wp:attachment":[{"href":"https:\/\/www.alexandertechnique.be\/fr\/wp-json\/wp\/v2\/media?parent=31728"}],"curies":[{"name":"wp","href":"https:\/\/api.w.org\/{rel}","templated":true}]}}