{"id":31567,"date":"2015-04-06T16:17:47","date_gmt":"2015-04-06T14:17:47","guid":{"rendered":"https:\/\/www.alexandertechnique.be\/CM\/?page_id=31567"},"modified":"2019-12-28T12:53:00","modified_gmt":"2019-12-28T11:53:00","slug":"articles-et-conferences","status":"publish","type":"page","link":"https:\/\/www.alexandertechnique.be\/fr\/ressources\/articles-et-conferences\/","title":{"rendered":"Articles et conf\u00e9rences sur la Technique Alexander"},"content":{"rendered":"[vc_row type=\u00a0\u00bbin_container\u00a0\u00bb full_screen_row_position=\u00a0\u00bbmiddle\u00a0\u00bb scene_position=\u00a0\u00bbcenter\u00a0\u00bb text_color=\u00a0\u00bbdark\u00a0\u00bb text_align=\u00a0\u00bbleft\u00a0\u00bb overlay_strength=\u00a0\u00bb0.3&Prime; shape_divider_position=\u00a0\u00bbbottom\u00a0\u00bb][vc_column column_padding=\u00a0\u00bbno-extra-padding\u00a0\u00bb column_padding_position=\u00a0\u00bball\u00a0\u00bb background_color_opacity=\u00a0\u00bb1&Prime; background_hover_color_opacity=\u00a0\u00bb1&Prime; column_shadow=\u00a0\u00bbnone\u00a0\u00bb column_border_radius=\u00a0\u00bbnone\u00a0\u00bb width=\u00a0\u00bb1\/1&Prime; tablet_text_alignment=\u00a0\u00bbdefault\u00a0\u00bb phone_text_alignment=\u00a0\u00bbdefault\u00a0\u00bb column_border_width=\u00a0\u00bbnone\u00a0\u00bb column_border_style=\u00a0\u00bbsolid\u00a0\u00bb][heading]\n<h2 class=\"entry-title\">Articles et conf\u00e9rences sur la Technique Alexander<\/h2>\n[\/heading][\/vc_column][\/vc_row][vc_row type=\u00a0\u00bbin_container\u00a0\u00bb full_screen_row_position=\u00a0\u00bbmiddle\u00a0\u00bb scene_position=\u00a0\u00bbcenter\u00a0\u00bb text_color=\u00a0\u00bbdark\u00a0\u00bb text_align=\u00a0\u00bbleft\u00a0\u00bb overlay_strength=\u00a0\u00bb0.3&Prime; shape_divider_position=\u00a0\u00bbbottom\u00a0\u00bb][vc_column column_padding=\u00a0\u00bbno-extra-padding\u00a0\u00bb column_padding_position=\u00a0\u00bball\u00a0\u00bb background_color_opacity=\u00a0\u00bb1&Prime; background_hover_color_opacity=\u00a0\u00bb1&Prime; column_shadow=\u00a0\u00bbnone\u00a0\u00bb column_border_radius=\u00a0\u00bbnone\u00a0\u00bb width=\u00a0\u00bb1\/1&Prime; tablet_text_alignment=\u00a0\u00bbdefault\u00a0\u00bb phone_text_alignment=\u00a0\u00bbdefault\u00a0\u00bb column_border_width=\u00a0\u00bbnone\u00a0\u00bb column_border_style=\u00a0\u00bbsolid\u00a0\u00bb][vc_column_text]\n<ul>\n<li><a title=\"Du stress? Non, merci, pas pour moi.\" href=\"..\/articles-et-conferences\/du-stress-non-merci-pas-pour-moi\/\">Du stress? Non, merci, pas pour moi, par David Langstroth<\/a><\/li>\n<li><a title=\"L\u2019homme ..\/articles-et-conferences\/lhomme-moderne-va-t-il-remarcher-voute\/\" href=\"https:\/\/www.alexandertechnique.be\/fr\/ressources\/articles-et-conferences\/lhomme-moderne-va-t-il-remarcher-voute\/\">L&rsquo;homme moderne va-t-il remarcher vo\u00fbt\u00e9? par Tasha Miller<\/a><\/li>\n<li><a href=\"..\/articles-et-conferences\/entretien-avec-pedro-de-alcantara\/\">Quelques questions sur la Technique Alexander \u00e0 Pedro de Alcantara<\/a><\/li>\n<li><a title=\"Sept articles sur divers aspects de la Technique Alexander\" href=\"..\/articles-et-conferences\/sept-articles-sur-divers-aspects-de-la-technique-alexander\/\">Sept articles sur divers aspects de la Technique Alexander, par Meredith Page<\/a><\/li>\n<li><a title=\"De l\u2019\u00e9quilibre en tant qu\u2019une fonction de l\u2019intelligence\" href=\"..\/articles-et-conferences\/de-lequilibre-en-tant-quune-fonction-de-lintelligence\/\">De l\u2019\u00e9quilibre en tant qu\u2019une fonction de l\u2019intelligence , par Walter H. M. Carrington (1970)<\/a><\/li>\n<li><a title=\"La Technique Alexander, R\u00e9duction du Stress et Fonctionnement Psychophysique Optimal\" href=\"..\/articles-et-conferences\/la-technique-alexander-reduction-du-stress-et-fonctionnement-psychophysique-optimal\/\">La Technique Alexander, R\u00e9duction du Stress et Fonctionnement Psychophysique Optimal,\u00a0par le Dr Samuel S. Reiser, D.D.S.<\/a><\/li>\n<li><a title=\"Corps, Conscience et Apprentissages\" href=\"..\/articles-et-conferences\/corps-conscience-et-apprentissages\/\">Corps, Conscience, Apprentissages, par Renaude Gosset<\/a><\/li>\n<li><a title=\"Notes sur la voix\" href=\"..\/articles-et-conferences\/notes-sur-la-voix\/\">Notes sur la voix, par Renaude Gosset<\/a><\/li>\n<li><a title=\"Quelques r\u00e9flexions sur \u201cL\u2019Unit\u00e9 Psychophysique\u201d\" href=\"..\/articles-et-conferences\/quelques-reflexions-sur-lunite-psychophysique\/\">Quelques r\u00e9flexions sur \u00ab\u00a0L\u2019unit\u00e9 psychophysique\u00a0\u00bb, par Renaude Gosset<\/a><\/li>\n<li><a href=\"..\/articles-et-conferences\/le-dos-existe-t-il\/\">Le dos existe t-il ?, par Renaude Gosset<\/a><\/li>\n<li><a href=\"..\/articles-et-conferences\/interview-athanase-vettas-dans-ma-sante-en-novembre-2005\/\" target=\"_blank\" rel=\"noopener\">Interview de Athanase Vettas pour le magazine \u00ab\u00a0Ma Sant\u00e9\u00a0\u00bb<\/a><\/li>\n<li><a title=\"Conf\u00e9rence d\u2019introduction \u00e0 la Technique present\u00e9e au Centre de M\u00e9decine Naturelle d\u2019Auderghem en 2001\" href=\"..\/articles-et-conferences\/conference-dintroduction-a-la-technique-presentee-au-centre-de-medecine-naturelle-dauderghem-en-2001w\/\">Conf\u00e9rence d&rsquo;introduction \u00e0 la Technique pr\u00e9sent\u00e9e au Centre de m\u00e9decine naturelle d&rsquo;Auderghem en 2001, par Athanase Vettas<\/a><\/li>\n<\/ul>\n[\/vc_column_text][\/vc_column][\/vc_row]\n","protected":false},"excerpt":{"rendered":"<p>[vc_row type=\u00a0\u00bbin_container\u00a0\u00bb full_screen_row_position=\u00a0\u00bbmiddle\u00a0\u00bb scene_position=\u00a0\u00bbcenter\u00a0\u00bb text_color=\u00a0\u00bbdark\u00a0\u00bb text_align=\u00a0\u00bbleft\u00a0\u00bb overlay_strength=\u00a0\u00bb0.3&Prime; shape_divider_position=\u00a0\u00bbbottom\u00a0\u00bb][vc_column column_padding=\u00a0\u00bbno-extra-padding\u00a0\u00bb column_padding_position=\u00a0\u00bball\u00a0\u00bb background_color_opacity=\u00a0\u00bb1&Prime; background_hover_color_opacity=\u00a0\u00bb1&Prime; column_shadow=\u00a0\u00bbnone\u00a0\u00bb column_border_radius=\u00a0\u00bbnone\u00a0\u00bb width=\u00a0\u00bb1\/1&Prime; tablet_text_alignment=\u00a0\u00bbdefault\u00a0\u00bb phone_text_alignment=\u00a0\u00bbdefault\u00a0\u00bb column_border_width=\u00a0\u00bbnone\u00a0\u00bb column_border_style=\u00a0\u00bbsolid\u00a0\u00bb][heading] Articles et conf\u00e9rences sur la Technique Alexander [\/heading][\/vc_column][\/vc_row][vc_row type=\u00a0\u00bbin_container\u00a0\u00bb full_screen_row_position=\u00a0\u00bbmiddle\u00a0\u00bb scene_position=\u00a0\u00bbcenter\u00a0\u00bb&#8230;<\/p>\n","protected":false},"author":2,"featured_media":0,"parent":37916,"menu_order":3,"comment_status":"closed","ping_status":"closed","template":"page-sidebar.php","meta":{"footnotes":""},"class_list":["post-31567","page","type-page","status-publish"],"_links":{"self":[{"href":"https:\/\/www.alexandertechnique.be\/fr\/wp-json\/wp\/v2\/pages\/31567","targetHints":{"allow":["GET"]}}],"collection":[{"href":"https:\/\/www.alexandertechnique.be\/fr\/wp-json\/wp\/v2\/pages"}],"about":[{"href":"https:\/\/www.alexandertechnique.be\/fr\/wp-json\/wp\/v2\/types\/page"}],"author":[{"embeddable":true,"href":"https:\/\/www.alexandertechnique.be\/fr\/wp-json\/wp\/v2\/users\/2"}],"replies":[{"embeddable":true,"href":"https:\/\/www.alexandertechnique.be\/fr\/wp-json\/wp\/v2\/comments?post=31567"}],"version-history":[{"count":26,"href":"https:\/\/www.alexandertechnique.be\/fr\/wp-json\/wp\/v2\/pages\/31567\/revisions"}],"predecessor-version":[{"id":39796,"href":"https:\/\/www.alexandertechnique.be\/fr\/wp-json\/wp\/v2\/pages\/31567\/revisions\/39796"}],"up":[{"embeddable":true,"href":"https:\/\/www.alexandertechnique.be\/fr\/wp-json\/wp\/v2\/pages\/37916"}],"wp:attachment":[{"href":"https:\/\/www.alexandertechnique.be\/fr\/wp-json\/wp\/v2\/media?parent=31567"}],"curies":[{"name":"wp","href":"https:\/\/api.w.org\/{rel}","templated":true}]}}